{"id":12085,"date":"2023-08-11T09:18:32","date_gmt":"2023-08-11T09:18:32","guid":{"rendered":"http:\/\/44.209.174.60\/?page_id=12085"},"modified":"2023-08-30T10:37:09","modified_gmt":"2023-08-30T10:37:09","slug":"particulier-compte-courant","status":"publish","type":"page","link":"https:\/\/bmi.mr\/fr\/particulier-compte-courant\/","title":{"rendered":"Particulier\/ Compte Courant"},"content":{"rendered":"<style type=\"text\/css\"> \n#cmsmasters_row_69eb6a0e91c3f1_70513650 .cmsmasters_row_outer_parent { \n\tpadding-top: 45px; \n} \n\n#cmsmasters_row_69eb6a0e91c3f1_70513650 .cmsmasters_row_outer_parent { \n\tpadding-bottom: 50px; \n} \n\n\n.subtitle-color{\n color: #f0f0f1;\nfont-family: Montserrat;\nfont-size: 19px;\nfont-style: normal;\nfont-weight: 500;\nline-height: normal;\n}\n.title-style{\n  color: #24894C;\nfont-family: Poppins;\nfont-size: 20px;\nfont-style: normal;\nfont-weight: 600;\nline-height: normal;\n}\n.content{\n \n  align-items: center;\n}\n.p-style{\n  color: #000;\nfont-family: Poppins;\nfont-size: 16px;\nfont-style: normal;\nfont-weight: 500;\nline-height: 150%; \/* 36px *\/\n}\n.thinking-icon {\n  width: 158px;\n  height: 40px;\n  left: -9px;\n  padding: 10px;\n  \/\/ bottom: 7px;\n  color: white;\n  background-color: #2F7A35;\n  position: relative;\n}\n.thinking-icon::before {\n  content: \"\";\n  position: absolute;\n  bottom: -13px;\n  left: 0px;\n  border-width: 17px 10px 0;\n  border-left: 0px;\n  border-style: solid;\n  border-color: #2F7A35 transparent;\n  transform: rotate(0deg);\n  display: block;\n  width: 0;\n}\r\n\t\t\t\t#cmsmasters_gallery_69eb6a0e91d290_79748246 .cmsmasters_gallery {\r\n\t\t\t\t\tmargin:0 0 0 -10px;\r\n\t\t\t\t}\r\n\t\t\t\t\r\n\t\t\t\t#cmsmasters_gallery_69eb6a0e91d290_79748246 .cmsmasters_gallery .cmsmasters_gallery_item {\r\n\t\t\t\t\tpadding:0 0 10px 10px;\r\n\t\t\t\t}\r\n\t\t\t \n#cmsmasters_row_69eb6a0e924a51_97474960 .cmsmasters_row_outer_parent { \n\tpadding-bottom: 16px; \n} \n\n\n\n.thinking-icon-1 {\n    width: 200px;\n  height: 40px;\n  left: -9px;\n  padding: 10px;\n  \/\/ bottom: 7px;\n  color: white;\n  background-color: #2F7A35;\n  position: relative;\n}\n.thinking-icon-1::before {\n  content: \"\";\n  position: absolute;\n  bottom: -13px;\n  left: 0px;\n  border-width: 17px 10px 0;\n  border-left: 0px;\n  border-style: solid;\n  border-color: #2F7A35 transparent;\n  transform: rotate(0deg);\n  display: block;\n  width: 0;\n} \n#cmsmasters_row_69eb6a0e925976_43759631 .cmsmasters_row_outer_parent { \n\tpadding-bottom: 16px; \n} \n\n\n.ul-style{\n  color: #000;\nfont-family: Poppins;\nfont-size: 16px;\nfont-style: normal;\nfont-weight: 500;\nline-height: 150%; \/* 36px *\/\nlist-style-type: none; \n}\n.thinking-icon-2 {\n  width: 215px;\n  height: 40px;\n  left: -9px;\n  padding: 10px;\n  \/\/ bottom: 7px;\n  color: white;\n  background-color: #2F7A35;\n  position: relative;\n}\n.thinking-icon-2::before {\n  content: \"\";\n  position: absolute;\n  bottom: -13px;\n  left: 0px;\n  border-width: 17px 10px 0;\n  border-left: 0px;\n  border-style: solid;\n  border-color: #2F7A35 transparent;\n  transform: rotate(0deg);\n  display: block;\n  width: 0;\n} \n#cmsmasters_row_69eb6a0e926668_49307204 .cmsmasters_row_outer_parent { \n\tpadding-bottom: 16px; \n} \n\n\n.subtitle-color{\n  color: #f0f0f1;\nfont-family: Montserrat;\nfont-size: 19px;\nfont-style: normal;\nfont-weight: 500;\nline-height: normal;\n}\n.title-style{\n  color: #24894C;\nfont-family: Poppins;\nfont-size: 20px;\nfont-style: normal;\nfont-weight: 600;\nline-height: normal;\n}\n.content{\n \n  align-items: center;\n}\n \n#cmsmasters_row_69eb6a0e927226_75700033 .cmsmasters_row_outer_parent { \n\tpadding-bottom: 16px; \n} \n\n<\/style><div id=\"cmsmasters_row_69eb6a0e91c3f1_70513650\" class=\"cmsmasters_row cmsmasters_color_scheme_default cmsmasters_row_top_default cmsmasters_row_bot_default cmsmasters_row_boxed\">\n<div class=\"cmsmasters_row_outer_parent\">\n<div class=\"cmsmasters_row_outer\">\n<div class=\"cmsmasters_row_inner\">\n<div class=\"cmsmasters_row_margin\">\n<div class=\"cmsmasters_column one_half\">\n<div class=\"custom_css\">\n\n<\/div>\n<div class=\"custom_html\">\n\n<div >\n<p class=\"title-style\">QU\u2019EST-CE QU\u2019UN COMPTE COURANT<\/p>\n<p class=\"p-style\" >La BMI propose aux particuliers un compte courant qui leur permettra d\u2019effectuer en toute s\u00e9curit\u00e9 les op\u00e9rations courantes de paiements et d\u2019encaissement.<\/p>\n<\/p><\/div>\n<\/div>\n<\/div>\n<div class=\"cmsmasters_column one_half\">\n<div id=\"cmsmasters_gallery_69eb6a0e91d290_79748246\" class=\"cmsmasters_gallery_wrap\"><ul class=\"cmsmasters_gallery cmsmasters_4 cmsmasters_more_items_loader\"><li class=\"cmsmasters_gallery_item\"><figure><a href=\"https:\/\/bmi.mr\/wp-content\/uploads\/2023\/08\/WhatsApp-Image-2023-08-30-at-10.07-1.png\" rel=\"ilightbox[69eb6a0e91d290_79748246]\"><img fetchpriority=\"high\" decoding=\"async\" width=\"1024\" height=\"683\" src=\"https:\/\/bmi.mr\/wp-content\/uploads\/2023\/08\/WhatsApp-Image-2023-08-30-at-10.07-1-1024x683.png\" class=\"attachment-large size-large\" alt=\"\" srcset=\"https:\/\/bmi.mr\/wp-content\/uploads\/2023\/08\/WhatsApp-Image-2023-08-30-at-10.07-1-1024x683.png 1024w, https:\/\/bmi.mr\/wp-content\/uploads\/2023\/08\/WhatsApp-Image-2023-08-30-at-10.07-1-300x200.png 300w, https:\/\/bmi.mr\/wp-content\/uploads\/2023\/08\/WhatsApp-Image-2023-08-30-at-10.07-1-768x512.png 768w, https:\/\/bmi.mr\/wp-content\/uploads\/2023\/08\/WhatsApp-Image-2023-08-30-at-10.07-1-18x12.png 18w, https:\/\/bmi.mr\/wp-content\/uploads\/2023\/08\/WhatsApp-Image-2023-08-30-at-10.07-1-580x387.png 580w, https:\/\/bmi.mr\/wp-content\/uploads\/2023\/08\/WhatsApp-Image-2023-08-30-at-10.07-1-860x574.png 860w, https:\/\/bmi.mr\/wp-content\/uploads\/2023\/08\/WhatsApp-Image-2023-08-30-at-10.07-1-1160x774.png 1160w, https:\/\/bmi.mr\/wp-content\/uploads\/2023\/08\/WhatsApp-Image-2023-08-30-at-10.07-1-600x400.png 600w, https:\/\/bmi.mr\/wp-content\/uploads\/2023\/08\/WhatsApp-Image-2023-08-30-at-10.07-1.png 1280w\" sizes=\"(max-width: 1024px) 100vw, 1024px\" \/><\/a><\/figure><\/li><\/ul><script type=\"text\/javascript\">\r\n\t\t\t\tjQuery(document).ready(function () {\r\n\t\t\t\t\t(function ($) {\r\n\t\t\t\t\t\tif ($('#cmsmasters_gallery_69eb6a0e91d290_79748246').find('.cmsmasters_gallery_item').length == '0') {\r\n\t\t\t\t\t\t\treturn false;\r\n\t\t\t\t\t\t}\r\n\t\t\t\t\t\t\r\n\t\t\t\t\t\t\r\n\t\t\t\t\t\tstartGallery( \r\n\t\t\t\t\t\t\t'69eb6a0e91d290_79748246', \r\n\t\t\t\t\t\t\t'grid', \r\n\t\t\t\t\t\t\t'false', \r\n\t\t\t\t\t\t\t'false' \r\n\t\t\t\t\t\t);\r\n\t\t\t\t\t} )(jQuery);\r\n\t\t\t\t} );\r\n\t\t\t<\/script>\r\n\t\t\t<\/div>\n<\/div>\n<\/div>\n<\/div>\n<\/div>\n<\/div>\n<\/div>\n<div id=\"cmsmasters_row_69eb6a0e924a51_97474960\" class=\"cmsmasters_row cmsmasters_color_scheme_default cmsmasters_row_top_default cmsmasters_row_bot_default cmsmasters_row_boxed\">\n<div class=\"cmsmasters_row_outer_parent\">\n<div class=\"cmsmasters_row_outer\">\n<div class=\"cmsmasters_row_inner\">\n<div class=\"cmsmasters_row_margin\">\n<div class=\"cmsmasters_column one_half\">\n<p><\/p>\n<\/div>\n<div class=\"cmsmasters_column one_half\">\n<div class=\"custom_css\">\n\n<\/div>\n<div class=\"custom_html\">\n\n<div >\n<p class=\"thinking-icon-1\">CLIENTS ELIGIBLES <\/p>\n<p class=\"p-style\" style=\"margin-top:15px;\"> <b>Particuliers : <\/b> \u00e9tudiants, jeunes, cadres, salari\u00e9s du priv\u00e9 ou du public, retrait\u00e9s, commer\u00e7ants, professionnels, clients \u00e0 ressources, gros d\u00e9posants, chefs d\u2019entreprises \u00e0 titre priv\u00e9.<\/p>\n<\/p><\/div>\n<\/div>\n<\/div>\n<\/div>\n<\/div>\n<\/div>\n<\/div>\n<\/div>\n<div id=\"cmsmasters_row_69eb6a0e925976_43759631\" class=\"cmsmasters_row cmsmasters_color_scheme_default cmsmasters_row_top_default cmsmasters_row_bot_default cmsmasters_row_boxed\">\n<div class=\"cmsmasters_row_outer_parent\">\n<div class=\"cmsmasters_row_outer\">\n<div class=\"cmsmasters_row_inner\">\n<div class=\"cmsmasters_row_margin\">\n<div class=\"cmsmasters_column one_half\">\n<div class=\"custom_css\">\n\n<\/div>\n<div class=\"custom_html\">\n\n<div >\n<p class=\" thinking-icon-2\"> OPERATIONS POSSIBLES <\/p>\n<p class=\"p-style\" >\n<ul class=\"ul-style\">\n<img decoding=\"async\" width=10px height=10px src=\"https:\/\/www.bmi.mr\/wp-content\/uploads\/2023\/08\/Group-1928.png\"><\/img> Versements d\u2019esp\u00e8ces dans nos diff\u00e9rentes agences ;<br \/>\n<img decoding=\"async\" width=10px height=10px src=\"https:\/\/www.bmi.mr\/wp-content\/uploads\/2023\/08\/Group-1928.png\"><\/img> Domiciliation de salaire ou tout autre revenu ;<br \/>\n<img decoding=\"async\" width=10px height=10px src=\"https:\/\/www.bmi.mr\/wp-content\/uploads\/2023\/08\/Group-1928.png\"><\/img>  Virements de compte \u00e0 comptes et vers tiers b\u00e9n\u00e9ficiaire de la m\u00eame banque ou vers les autres banques mauritaniennes.<br \/>\n<img decoding=\"async\" width=10px height=10px src=\"https:\/\/www.bmi.mr\/wp-content\/uploads\/2023\/08\/Group-1928.png\"><\/img> Paiement des factures de la SNDE, SOMELEC, RIMATEL \u2026\n<\/ul><\/div>\n<\/div>\n<\/div>\n<div class=\"cmsmasters_column one_half\">\n<p><\/p>\n<\/div>\n<\/div>\n<\/div>\n<\/div>\n<\/div>\n<\/div>\n<div id=\"cmsmasters_row_69eb6a0e926668_49307204\" class=\"cmsmasters_row cmsmasters_color_scheme_default cmsmasters_row_top_default cmsmasters_row_bot_default cmsmasters_row_boxed\">\n<div class=\"cmsmasters_row_outer_parent\">\n<div class=\"cmsmasters_row_outer\">\n<div class=\"cmsmasters_row_inner\">\n<div class=\"cmsmasters_row_margin\">\n<div class=\"cmsmasters_column one_half\">\n<p><\/p>\n<\/div>\n<div class=\"cmsmasters_column one_half\">\n<div class=\"custom_css\">\n\n<\/div>\n<div class=\"custom_html\">\n\n<div >\n<p class=\" thinking-icon\"> SERVICES <\/p>\n<p class=\"p-style\" >\n<link rel=\"stylesheet\" href=\"https:\/\/cdnjs.cloudflare.com\/ajax\/libs\/font-awesome\/5.15.3\/css\/all.min.css\">\n<ul class=\"ul-style\">\n  <img decoding=\"async\" width=10px height=10px src=\"https:\/\/www.bmi.mr\/wp-content\/uploads\/2023\/08\/Group-1928.png\"><\/img>  Un carnet de ch\u00e8ques pour des retraits ou les paiements ;<br \/>\n <img decoding=\"async\" width=10px height=10px src=\"https:\/\/www.bmi.mr\/wp-content\/uploads\/2023\/08\/Group-1928.png\"><\/img>   Une carte bancaire ;<br \/>\n   <img decoding=\"async\" width=10px height=10px src=\"https:\/\/www.bmi.mr\/wp-content\/uploads\/2023\/08\/Group-1928.png\"><\/img>   E-Banking, SMS Banking, ...\n<\/ul><\/div>\n<\/div>\n<\/div>\n<\/div>\n<\/div>\n<\/div>\n<\/div>\n<\/div>\n<div id=\"cmsmasters_row_69eb6a0e927226_75700033\" class=\"cmsmasters_row cmsmasters_color_scheme_default cmsmasters_row_top_default cmsmasters_row_bot_default cmsmasters_row_boxed\">\n<div class=\"cmsmasters_row_outer_parent\">\n<div class=\"cmsmasters_row_outer\">\n<div class=\"cmsmasters_row_inner\">\n<div class=\"cmsmasters_row_margin\">\n<div class=\"cmsmasters_column three_fourth\">\n<div class=\"custom_html\">\n\n<div >\n<p class=\" thinking-icon\"> SOUSCRIPTION<\/p>\n<p class=\"p-style\" >\n<ul class=\"ul-style\">\n<img decoding=\"async\" width=10px height=10px src=\"https:\/\/www.bmi.mr\/wp-content\/uploads\/2023\/08\/Group-1928.png\"><\/img> Lettre de demande d\u2019ouverture de compte<br \/>\n<img decoding=\"async\" width=10px height=10px src=\"https:\/\/www.bmi.mr\/wp-content\/uploads\/2023\/08\/Group-1928.png\"><\/img> Copie r\u00e9cente de la pi\u00e8ce d\u2019identit\u00e9, deux photos d\u2019identit\u00e9<br \/>\n<img decoding=\"async\" width=10px height=10px src=\"https:\/\/www.bmi.mr\/wp-content\/uploads\/2023\/08\/Group-1928.png\"><\/img> Si \u00e9tranger : Copie du passeport pour v\u00e9rification du visa, copie de la carte s\u00e9jour ou re\u00e7u de la carte s\u00e9jour<br \/>\n<img decoding=\"async\" width=10px height=10px src=\"https:\/\/www.bmi.mr\/wp-content\/uploads\/2023\/08\/Group-1928.png\"><\/img> Justificatif d\u2019adresse (copie d\u2019un facture de mois de 3 mois de la SOMELEC, SNDE, MATTEL, MAURITEL ou CHINGUITEL, ou attestation d\u2019adresse avec de l\u2019entreprise s\u2019il s\u2019agit d\u2019une nouvelle entit\u00e9 (\u00e0 suivre plus tard pour la facture de la SOMELEC ou SNDE).<br \/>\n<img decoding=\"async\" width=10px height=10px src=\"https:\/\/www.bmi.mr\/wp-content\/uploads\/2023\/08\/Group-1928.png\"><\/img> L\u2019engagement FATCA (Foreign Account Tax Compliance Act) et W8 BENE (Certificate of Status of Beneficial Owner for United States Tax Withholding and Reporting Entities) doit \u00eatre sign\u00e9 par le ou les mandataires de la soci\u00e9t\u00e9 ou \u00e9tablissement (pour le respect d\u2019indice d\u2019am\u00e9ricanit\u00e9 ou pas, s\u2019agissant d\u2019une convention sign\u00e9 entre la BCM et le gouvernement am\u00e9ricain afin que ce dernier puisse lutter contre l\u2019\u00e9vasion fiscale des contribuables am\u00e9ricains d\u00e9tenant des avoirs financiers \u00e0 l\u2019\u00e9tranger)<\/p>\n<\/ul><\/div>\n<\/div>\n<\/div>\n<div class=\"cmsmasters_column one_fourth\">\n<\/div>\n<\/div>\n<\/div>\n<\/div>\n<\/div>\n<\/div>\n\n","protected":false},"excerpt":{"rendered":"","protected":false},"author":11,"featured_media":0,"parent":0,"menu_order":0,"comment_status":"closed","ping_status":"closed","template":"","meta":{"footnotes":""},"class_list":["post-12085","page","type-page","status-publish","hentry"],"aioseo_notices":[],"_links":{"self":[{"href":"https:\/\/bmi.mr\/fr\/wp-json\/wp\/v2\/pages\/12085","targetHints":{"allow":["GET"]}}],"collection":[{"href":"https:\/\/bmi.mr\/fr\/wp-json\/wp\/v2\/pages"}],"about":[{"href":"https:\/\/bmi.mr\/fr\/wp-json\/wp\/v2\/types\/page"}],"author":[{"embeddable":true,"href":"https:\/\/bmi.mr\/fr\/wp-json\/wp\/v2\/users\/11"}],"replies":[{"embeddable":true,"href":"https:\/\/bmi.mr\/fr\/wp-json\/wp\/v2\/comments?post=12085"}],"version-history":[{"count":125,"href":"https:\/\/bmi.mr\/fr\/wp-json\/wp\/v2\/pages\/12085\/revisions"}],"predecessor-version":[{"id":14581,"href":"https:\/\/bmi.mr\/fr\/wp-json\/wp\/v2\/pages\/12085\/revisions\/14581"}],"wp:attachment":[{"href":"https:\/\/bmi.mr\/fr\/wp-json\/wp\/v2\/media?parent=12085"}],"curies":[{"name":"wp","href":"https:\/\/api.w.org\/{rel}","templated":true}]}}