{"id":12168,"date":"2023-08-11T10:59:02","date_gmt":"2023-08-11T10:59:02","guid":{"rendered":"http:\/\/44.209.174.60\/?page_id=12168"},"modified":"2023-09-01T11:34:09","modified_gmt":"2023-09-01T11:34:09","slug":"particulier-moyens-de-paiment-le-cheque","status":"publish","type":"page","link":"https:\/\/bmi.mr\/fr\/particulier-moyens-de-paiment-le-cheque\/","title":{"rendered":"Particulier\/ Moyens de paiment\/ ch\u00e8que"},"content":{"rendered":"<style type=\"text\/css\"> \n#cmsmasters_row_69eb6a0c8a9239_08432190 .cmsmasters_row_outer_parent { \n\tpadding-top: 45px; \n} \n\n#cmsmasters_row_69eb6a0c8a9239_08432190 .cmsmasters_row_outer_parent { \n\tpadding-bottom: 20px; \n} \n\n\n.subtitle-color-1{\nfont-size: 18px;\nfont-style: normal;\nfont-weight: 500;\nline-height: normal;\n}\n.title-style{\n  color: #24894C;\nfont-family: Poppins;\nfont-size: 20px;\nfont-style: normal;\nfont-weight: 600;\nline-height: normal;\n}\n.content{\n \n  align-items: center;\n}\n.ul-style{\n  color: #000;\nfont-family: Poppins;\nfont-size: 17px;\nfont-style: normal;\nfont-weight: 400;\nline-height: 150%; \/* 36px *\/\nmargin-left: 19px;\n}\n.p-style{\n  color: #000;\nfont-family: Poppins;\nfont-size: 19px;\nfont-style: normal;\nfont-weight: 500;\nline-height: 150%; \/* 36px *\/\n}\n\n\n\n\n.thinking-icon {\n  width: 115px;\n  height: 34px;\n  left: -9px;\n  padding: 6px;\n  \/\/ bottom: 7px;\n  color: white;\n  background-color: #2F7A35;\n  position: relative;\n}\n.thinking-icon::before {\n  content: \"\";\n  position: absolute;\n  bottom: -13px;\n  left: 0px;\n  border-width: 17px 10px 0;\n  border-left: 0px;\n  border-style: solid;\n  border-color: #2F7A35 transparent;\n  transform: rotate(0deg);\n  display: block;\n  width: 0;\n}\r\n\t\t\t\t#cmsmasters_gallery_69eb6a0c8aa394_12848882 .cmsmasters_gallery {\r\n\t\t\t\t\tmargin:0 0 0 -10px;\r\n\t\t\t\t}\r\n\t\t\t\t\r\n\t\t\t\t#cmsmasters_gallery_69eb6a0c8aa394_12848882 .cmsmasters_gallery .cmsmasters_gallery_item {\r\n\t\t\t\t\tpadding:0 0 10px 10px;\r\n\t\t\t\t}\r\n\t\t\t \n#cmsmasters_row_69eb6a0c8b2415_36215548 .cmsmasters_row_outer_parent { \n\tpadding-top: 10px; \n} \n\n#cmsmasters_row_69eb6a0c8b2415_36215548 .cmsmasters_row_outer_parent { \n\tpadding-bottom: 50px; \n} \n\n\n.subtitle-color{\n  color: #24894C;\nfont-family: Montserrat;\nfont-size: 19px;\nfont-weight: 500;\n}\n.title-style{\n  color: #24894C;\nfont-family: Poppins;\nfont-size: 20px;\nfont-style: normal;\nfont-weight: 600;\nline-height: normal;\n}\n.content{\n \n  align-items: center;\n}\n.ul-style{\n  color: #000;\nfont-family: Poppins;\nfont-size: 17px;\nfont-style: normal;\nfont-weight: 400;\nline-height: 150%; \/* 36px *\/\nmargin-left: 19px;\n}\n.p-style{\n  color: #000;\nfont-family: Poppins;\nfont-size: 19px;\nfont-style: normal;\nfont-weight: 500;\nline-height: 150%; \/* 36px *\/\n}<\/style><div id=\"cmsmasters_row_69eb6a0c8a9239_08432190\" class=\"cmsmasters_row cmsmasters_color_scheme_default cmsmasters_row_top_default cmsmasters_row_bot_default cmsmasters_row_boxed\">\n<div class=\"cmsmasters_row_outer_parent\">\n<div class=\"cmsmasters_row_outer\">\n<div class=\"cmsmasters_row_inner\">\n<div class=\"cmsmasters_row_margin\">\n<div class=\"cmsmasters_column one_half\">\n<div class=\"custom_css\">\n\n<\/div>\n<div class=\"custom_html\">\n\n<div >\n<p class=\"p-style\" >Le ch\u00e8que est un moyen de paiement classique, largement r\u00e9pandu qui vous permet de r\u00e9gler tous vos achats.<br \/>\n  Pour \u00eatre valable, un ch\u00e8que \u00e9mis doit comporter des mentions obligatoires :  <\/p>\n<ul class=\"ul-style\">\n<p><img decoding=\"async\" width=10px height=10px src=\"https:\/\/www.bmi.mr\/wp-content\/uploads\/2023\/08\/Group-1928.png\"><\/img> Le nom du b\u00e9n\u00e9ficiaire<\/p>\n<p><img decoding=\"async\" width=10px height=10px src=\"https:\/\/www.bmi.mr\/wp-content\/uploads\/2023\/08\/Group-1928.png\"><\/img> L\u2019indication de la somme en chiffres et en lettres<\/p>\n<p><img decoding=\"async\" width=10px height=10px src=\"https:\/\/www.bmi.mr\/wp-content\/uploads\/2023\/08\/Group-1928.png\"><\/img>  Le lieu et la date d\u2019\u00e9mission ainsi que la signature du titulaire.<\/p>\n<p><img decoding=\"async\" width=10px height=10px src=\"https:\/\/www.bmi.mr\/wp-content\/uploads\/2023\/08\/Group-1928.png\"><\/img> De m\u00eame, lorsque vous souhaitez d\u00e9poser un ch\u00e8que sur votre compte, vous devez l\u2019endosser, c\u2019est-\u00e0-dire y apposer votre signature au dos. Pensez \u00e9galement \u00e0 y inscrire votre num\u00e9ro de compte pour limiter les risques d\u2019erreurs de traitement ! <\/p>\n<p><img decoding=\"async\" width=10px height=10px src=\"https:\/\/www.bmi.mr\/wp-content\/uploads\/2023\/08\/Group-1928.png\"><\/img> Votre signature doit \u00eatre conforme avec celle d\u00e9pos\u00e9e au niveau de la banque, en cas de modification informez votre agence.<\/p>\n<\/ul><\/div>\n<\/div>\n<\/div>\n<div class=\"cmsmasters_column one_half\">\n<div id=\"cmsmasters_gallery_69eb6a0c8aa394_12848882\" class=\"cmsmasters_gallery_wrap\"><ul class=\"cmsmasters_gallery cmsmasters_4 cmsmasters_more_items_loader\"><li class=\"cmsmasters_gallery_item\"><figure><img fetchpriority=\"high\" decoding=\"async\" width=\"1280\" height=\"854\" src=\"https:\/\/bmi.mr\/wp-content\/uploads\/2023\/08\/WhatsApp-Image-2023-08-30-at-10.08-9.png\" class=\"attachment-full size-full\" alt=\"\" srcset=\"https:\/\/bmi.mr\/wp-content\/uploads\/2023\/08\/WhatsApp-Image-2023-08-30-at-10.08-9.png 1280w, https:\/\/bmi.mr\/wp-content\/uploads\/2023\/08\/WhatsApp-Image-2023-08-30-at-10.08-9-300x200.png 300w, https:\/\/bmi.mr\/wp-content\/uploads\/2023\/08\/WhatsApp-Image-2023-08-30-at-10.08-9-1024x683.png 1024w, https:\/\/bmi.mr\/wp-content\/uploads\/2023\/08\/WhatsApp-Image-2023-08-30-at-10.08-9-768x512.png 768w, https:\/\/bmi.mr\/wp-content\/uploads\/2023\/08\/WhatsApp-Image-2023-08-30-at-10.08-9-18x12.png 18w, https:\/\/bmi.mr\/wp-content\/uploads\/2023\/08\/WhatsApp-Image-2023-08-30-at-10.08-9-580x387.png 580w, https:\/\/bmi.mr\/wp-content\/uploads\/2023\/08\/WhatsApp-Image-2023-08-30-at-10.08-9-860x574.png 860w, https:\/\/bmi.mr\/wp-content\/uploads\/2023\/08\/WhatsApp-Image-2023-08-30-at-10.08-9-1160x774.png 1160w, https:\/\/bmi.mr\/wp-content\/uploads\/2023\/08\/WhatsApp-Image-2023-08-30-at-10.08-9-600x400.png 600w\" sizes=\"(max-width: 1280px) 100vw, 1280px\" \/><\/figure><\/li><\/ul><script type=\"text\/javascript\">\r\n\t\t\t\tjQuery(document).ready(function () {\r\n\t\t\t\t\t(function ($) {\r\n\t\t\t\t\t\tif ($('#cmsmasters_gallery_69eb6a0c8aa394_12848882').find('.cmsmasters_gallery_item').length == '0') {\r\n\t\t\t\t\t\t\treturn false;\r\n\t\t\t\t\t\t}\r\n\t\t\t\t\t\t\r\n\t\t\t\t\t\t\r\n\t\t\t\t\t\tstartGallery( \r\n\t\t\t\t\t\t\t'69eb6a0c8aa394_12848882', \r\n\t\t\t\t\t\t\t'grid', \r\n\t\t\t\t\t\t\t'false', \r\n\t\t\t\t\t\t\t'false' \r\n\t\t\t\t\t\t);\r\n\t\t\t\t\t} )(jQuery);\r\n\t\t\t\t} );\r\n\t\t\t<\/script>\r\n\t\t\t<\/div>\n<\/div>\n<\/div>\n<\/div>\n<\/div>\n<\/div>\n<\/div>\n<div id=\"cmsmasters_row_69eb6a0c8b2415_36215548\" class=\"cmsmasters_row cmsmasters_color_scheme_default cmsmasters_row_top_default cmsmasters_row_bot_default cmsmasters_row_boxed\">\n<div class=\"cmsmasters_row_outer_parent\">\n<div class=\"cmsmasters_row_outer\">\n<div class=\"cmsmasters_row_inner\">\n<div class=\"cmsmasters_row_margin\">\n<div class=\"cmsmasters_column one_first\">\n<div class=\"custom_html\">\n\n<div >\n<p class=\"title-style\">Comment faire en cas de vol ou de perte de votre ch\u00e9quier ?<\/p>\n<p class=\"p-style\" >\nEn cas de perte ou vol et\/ou utilisation frauduleuse de l'un de vos ch\u00e8ques ou de votre ch\u00e9quier, vous devez imm\u00e9diatement :  <\/p>\n<ul class=\"ul-style\">\n<p><img decoding=\"async\" width=10px height=10px src=\"https:\/\/www.bmi.mr\/wp-content\/uploads\/2023\/08\/Group-1928.png\"><\/img> Faire une d\u00e9claration de perte ou de vol aupr\u00e8s d\u2019un poste de police.<\/p>\n<p><img decoding=\"async\" width=10px height=10px src=\"https:\/\/www.bmi.mr\/wp-content\/uploads\/2023\/08\/Group-1928.png\"><\/img> Pr\u00e9venir votre agence par t\u00e9l\u00e9phone et confirmer l'opposition par \u00e9crit sans oublier de pr\u00e9ciser le num\u00e9ro des ch\u00e8ques concern\u00e9s.<\/p>\n<\/ul><\/div>\n<\/div>\n<div class=\"custom_css\">\n\n<\/div>\n<\/div>\n<\/div>\n<\/div>\n<\/div>\n<\/div>\n<\/div>\n\n","protected":false},"excerpt":{"rendered":"","protected":false},"author":11,"featured_media":0,"parent":0,"menu_order":0,"comment_status":"closed","ping_status":"closed","template":"","meta":{"footnotes":""},"class_list":["post-12168","page","type-page","status-publish","hentry"],"aioseo_notices":[],"_links":{"self":[{"href":"https:\/\/bmi.mr\/fr\/wp-json\/wp\/v2\/pages\/12168","targetHints":{"allow":["GET"]}}],"collection":[{"href":"https:\/\/bmi.mr\/fr\/wp-json\/wp\/v2\/pages"}],"about":[{"href":"https:\/\/bmi.mr\/fr\/wp-json\/wp\/v2\/types\/page"}],"author":[{"embeddable":true,"href":"https:\/\/bmi.mr\/fr\/wp-json\/wp\/v2\/users\/11"}],"replies":[{"embeddable":true,"href":"https:\/\/bmi.mr\/fr\/wp-json\/wp\/v2\/comments?post=12168"}],"version-history":[{"count":39,"href":"https:\/\/bmi.mr\/fr\/wp-json\/wp\/v2\/pages\/12168\/revisions"}],"predecessor-version":[{"id":14667,"href":"https:\/\/bmi.mr\/fr\/wp-json\/wp\/v2\/pages\/12168\/revisions\/14667"}],"wp:attachment":[{"href":"https:\/\/bmi.mr\/fr\/wp-json\/wp\/v2\/media?parent=12168"}],"curies":[{"name":"wp","href":"https:\/\/api.w.org\/{rel}","templated":true}]}}