{"id":12317,"date":"2023-08-11T13:28:53","date_gmt":"2023-08-11T13:28:53","guid":{"rendered":"http:\/\/44.209.174.60\/?page_id=12317"},"modified":"2023-09-01T11:40:05","modified_gmt":"2023-09-01T11:40:05","slug":"particulier-moyens-de-paiment-virement","status":"publish","type":"page","link":"https:\/\/bmi.mr\/fr\/particulier-moyens-de-paiment-virement\/","title":{"rendered":"Particulier\/ Moyens de paiment\/ Virement"},"content":{"rendered":"<style type=\"text\/css\"> \n#cmsmasters_row_69eb6a0990a266_73258960 .cmsmasters_row_outer_parent { \n\tpadding-top: 45px; \n} \n\n#cmsmasters_row_69eb6a0990a266_73258960 .cmsmasters_row_outer_parent { \n\tpadding-bottom: 50px; \n} \n\n\n.subtitle-color-1{\nfont-size: 18px;\nfont-style: normal;\nfont-weight: 500;\nline-height: normal;\n}\n.title-style{\n  color: #24894C;\nfont-family: Poppins;\nfont-size: 20px;\nfont-style: normal;\nfont-weight: 600;\nline-height: normal;\n}\n.content{\n \n  align-items: center;\n}\n.ul-style{\n  color: #000;\nfont-family: Poppins;\nfont-size: 17px;\nfont-style: normal;\nfont-weight: 400;\nline-height: 150%; \/* 36px *\/\nmargin-left: 19px;\n}\n.p-style{\n color: #000;\nfont-family: Poppins;\nfont-size: 17px;\nfont-style: normal;\nfont-weight: 500;\nline-height: 200%; \/* 48px *\/\n\n}\n\n\n\n\n.thinking-icon {\n  width: 115px;\n  height: 34px;\n  left: -9px;\n  padding: 6px;\n  \/\/ bottom: 7px;\n  color: white;\n  background-color: #2F7A35;\n  position: relative;\n}\n.thinking-icon::before {\n  content: \"\";\n  position: absolute;\n  bottom: -13px;\n  left: 0px;\n  border-width: 17px 10px 0;\n  border-left: 0px;\n  border-style: solid;\n  border-color: #2F7A35 transparent;\n  transform: rotate(0deg);\n  display: block;\n  width: 0;\n}\r\n\t\t\t\t#cmsmasters_gallery_69eb6a0990b589_90980947 .cmsmasters_gallery {\r\n\t\t\t\t\tmargin:0 0 0 -10px;\r\n\t\t\t\t}\r\n\t\t\t\t\r\n\t\t\t\t#cmsmasters_gallery_69eb6a0990b589_90980947 .cmsmasters_gallery .cmsmasters_gallery_item {\r\n\t\t\t\t\tpadding:0 0 10px 10px;\r\n\t\t\t\t}\r\n\t\t\t \n#cmsmasters_row_69eb6a09915094_97023234 .cmsmasters_row_outer_parent { \n\tpadding-top: 0px; \n} \n\n#cmsmasters_row_69eb6a09915094_97023234 .cmsmasters_row_outer_parent { \n\tpadding-bottom: 50px; \n} \n\n\n.subtitle-color-1{\nfont-size: 18px;\nfont-style: normal;\nfont-weight: 500;\nline-height: normal;\n}\n.title-style{\n  color: #24894C;\nfont-family: Poppins;\nfont-size: 20px;\nfont-style: normal;\nfont-weight: 600;\nline-height: normal;\n}\n.content{\n \n  align-items: center;\n}\n.ul-style{\n  color: #000;\nfont-family: Poppins;\nfont-size: 17px;\nfont-style: normal;\nfont-weight: 400;\nline-height: 150%; \/* 36px *\/\nmargin-left: 19px;\n}\n.span-style{\ncolor: #24894C;\nfont-weight: 600;\n}<\/style><div id=\"cmsmasters_row_69eb6a0990a266_73258960\" class=\"cmsmasters_row cmsmasters_color_scheme_default cmsmasters_row_top_default cmsmasters_row_bot_default cmsmasters_row_boxed\">\n<div class=\"cmsmasters_row_outer_parent\">\n<div class=\"cmsmasters_row_outer\">\n<div class=\"cmsmasters_row_inner\">\n<div class=\"cmsmasters_row_margin\">\n<div class=\"cmsmasters_column one_half\">\n<div class=\"custom_html\">\n\n<div >\n<p class=\"p-style\" > <span class=\"span-style\" >Le virement bancaire <\/span> est un moyen de transf\u00e9rer votre argent de votre compte vers un ou plusieurs autres comptes. Le virement peut \u00eatre :<\/p>\n<ul class=\"ul-style\">\n<p><img decoding=\"async\" width=10px height=10px src=\"https:\/\/www.bmi.mr\/wp-content\/uploads\/2023\/08\/Group-1928.png\"><\/img> Ponctuel, si vous devez payer une facture \u00e0 distance ou envoyer de l'argent \u00e0 un proche.<\/p>\n<p><img decoding=\"async\" width=10px height=10px src=\"https:\/\/www.bmi.mr\/wp-content\/uploads\/2023\/08\/Group-1928.png\"><\/img> Permanent, si vous devez r\u00e9gler vos d\u00e9penses r\u00e9guli\u00e8res (Exemple : un loyer).<\/p>\n<\/ul>\n<p class=\"p-style\" >\nVous pouvez aussi opter pour le virement permanent pour alimenter automatiquement un compte d'\u00e9pargne.\n<\/p>\n<\/p><\/div>\n<\/div>\n<div class=\"custom_css\">\n\n<\/div>\n<\/div>\n<div class=\"cmsmasters_column one_half\">\n<div id=\"cmsmasters_gallery_69eb6a0990b589_90980947\" class=\"cmsmasters_gallery_wrap\"><ul class=\"cmsmasters_gallery cmsmasters_4 cmsmasters_more_items_loader\"><li class=\"cmsmasters_gallery_item\"><figure><img fetchpriority=\"high\" decoding=\"async\" width=\"1280\" height=\"854\" src=\"https:\/\/bmi.mr\/wp-content\/uploads\/2023\/08\/WhatsApp-Image-2023-08-30-at-10.08-11-1.png\" class=\"attachment-full size-full\" alt=\"\" srcset=\"https:\/\/bmi.mr\/wp-content\/uploads\/2023\/08\/WhatsApp-Image-2023-08-30-at-10.08-11-1.png 1280w, https:\/\/bmi.mr\/wp-content\/uploads\/2023\/08\/WhatsApp-Image-2023-08-30-at-10.08-11-1-300x200.png 300w, https:\/\/bmi.mr\/wp-content\/uploads\/2023\/08\/WhatsApp-Image-2023-08-30-at-10.08-11-1-1024x683.png 1024w, https:\/\/bmi.mr\/wp-content\/uploads\/2023\/08\/WhatsApp-Image-2023-08-30-at-10.08-11-1-768x512.png 768w, https:\/\/bmi.mr\/wp-content\/uploads\/2023\/08\/WhatsApp-Image-2023-08-30-at-10.08-11-1-18x12.png 18w, https:\/\/bmi.mr\/wp-content\/uploads\/2023\/08\/WhatsApp-Image-2023-08-30-at-10.08-11-1-580x387.png 580w, https:\/\/bmi.mr\/wp-content\/uploads\/2023\/08\/WhatsApp-Image-2023-08-30-at-10.08-11-1-860x574.png 860w, https:\/\/bmi.mr\/wp-content\/uploads\/2023\/08\/WhatsApp-Image-2023-08-30-at-10.08-11-1-1160x774.png 1160w, https:\/\/bmi.mr\/wp-content\/uploads\/2023\/08\/WhatsApp-Image-2023-08-30-at-10.08-11-1-600x400.png 600w\" sizes=\"(max-width: 1280px) 100vw, 1280px\" \/><\/figure><\/li><\/ul><script type=\"text\/javascript\">\r\n\t\t\t\tjQuery(document).ready(function () {\r\n\t\t\t\t\t(function ($) {\r\n\t\t\t\t\t\tif ($('#cmsmasters_gallery_69eb6a0990b589_90980947').find('.cmsmasters_gallery_item').length == '0') {\r\n\t\t\t\t\t\t\treturn false;\r\n\t\t\t\t\t\t}\r\n\t\t\t\t\t\t\r\n\t\t\t\t\t\t\r\n\t\t\t\t\t\tstartGallery( \r\n\t\t\t\t\t\t\t'69eb6a0990b589_90980947', \r\n\t\t\t\t\t\t\t'grid', \r\n\t\t\t\t\t\t\t'false', \r\n\t\t\t\t\t\t\t'false' \r\n\t\t\t\t\t\t);\r\n\t\t\t\t\t} )(jQuery);\r\n\t\t\t\t} );\r\n\t\t\t<\/script>\r\n\t\t\t<\/div>\n<\/div>\n<\/div>\n<\/div>\n<\/div>\n<\/div>\n<\/div>\n<div id=\"cmsmasters_row_69eb6a09915094_97023234\" class=\"cmsmasters_row cmsmasters_color_scheme_default cmsmasters_row_top_default cmsmasters_row_bot_default cmsmasters_row_boxed\">\n<div class=\"cmsmasters_row_outer_parent\">\n<div class=\"cmsmasters_row_outer\">\n<div class=\"cmsmasters_row_inner\">\n<div class=\"cmsmasters_row_margin\">\n<div class=\"cmsmasters_column one_first\">\n<div class=\"custom_html\">\n\n<div >\n<p class=\"p-style\" >\nVous pouvez effectuer un virement vers un compte situ\u00e9 dans n\u2019importe quelle banque. Il suffit pour cela que le b\u00e9n\u00e9ficiaire vous communique : <\/p>\n<ul class=\"ul-style\">\n<p><img decoding=\"async\" width=10px height=10px src=\"https:\/\/www.bmi.mr\/wp-content\/uploads\/2023\/08\/Group-1928.png\"><\/img> RIB <\/span> (Relev\u00e9 d'Identit\u00e9 Bancaire) si son compte se trouve dans une banque locale. <\/p>\n<p><img decoding=\"async\" width=10px height=10px src=\"https:\/\/www.bmi.mr\/wp-content\/uploads\/2023\/08\/Group-1928.png\"><\/img> BIC <\/span> (Bank Identifier Code) et l'IBAN (International Bank Account Number) si le compte est situ\u00e9 \u00e0 l\u2019\u00e9tranger.\n<\/ul><\/div>\n<\/div>\n<div class=\"custom_css\">\n\n<\/div>\n<\/div>\n<\/div>\n<\/div>\n<\/div>\n<\/div>\n<\/div>\n\n","protected":false},"excerpt":{"rendered":"","protected":false},"author":11,"featured_media":0,"parent":0,"menu_order":0,"comment_status":"closed","ping_status":"closed","template":"","meta":{"footnotes":""},"class_list":["post-12317","page","type-page","status-publish","hentry"],"aioseo_notices":[],"_links":{"self":[{"href":"https:\/\/bmi.mr\/fr\/wp-json\/wp\/v2\/pages\/12317","targetHints":{"allow":["GET"]}}],"collection":[{"href":"https:\/\/bmi.mr\/fr\/wp-json\/wp\/v2\/pages"}],"about":[{"href":"https:\/\/bmi.mr\/fr\/wp-json\/wp\/v2\/types\/page"}],"author":[{"embeddable":true,"href":"https:\/\/bmi.mr\/fr\/wp-json\/wp\/v2\/users\/11"}],"replies":[{"embeddable":true,"href":"https:\/\/bmi.mr\/fr\/wp-json\/wp\/v2\/comments?post=12317"}],"version-history":[{"count":23,"href":"https:\/\/bmi.mr\/fr\/wp-json\/wp\/v2\/pages\/12317\/revisions"}],"predecessor-version":[{"id":14670,"href":"https:\/\/bmi.mr\/fr\/wp-json\/wp\/v2\/pages\/12317\/revisions\/14670"}],"wp:attachment":[{"href":"https:\/\/bmi.mr\/fr\/wp-json\/wp\/v2\/media?parent=12317"}],"curies":[{"name":"wp","href":"https:\/\/api.w.org\/{rel}","templated":true}]}}