{"id":12332,"date":"2023-08-11T13:50:06","date_gmt":"2023-08-11T13:50:06","guid":{"rendered":"http:\/\/44.209.174.60\/?page_id=12332"},"modified":"2023-09-01T11:37:31","modified_gmt":"2023-09-01T11:37:31","slug":"particulier-moyens-de-paiment-cartes-bancaires","status":"publish","type":"page","link":"https:\/\/bmi.mr\/fr\/particulier-moyens-de-paiment-cartes-bancaires\/","title":{"rendered":"Particulier\/ Moyens de paiment\/ Cartes Bancaires"},"content":{"rendered":"<style type=\"text\/css\"> \n#cmsmasters_row_69eb69fea98881_62560889 .cmsmasters_row_outer_parent { \n\tpadding-top: 45px; \n} \n\n#cmsmasters_row_69eb69fea98881_62560889 .cmsmasters_row_outer_parent { \n\tpadding-bottom: 10px; \n} \n\n\n.subtitle-color-1{\nfont-size: 18px;\nfont-style: normal;\nfont-weight: 500;\nline-height: normal;\n}\n.title-style{\n  color: #24894C;\nfont-family: Poppins;\nfont-size: 20px;\nfont-style: normal;\nfont-weight: 600;\nline-height: normal;\n}\n.content{\n \n  align-items: center;\n}\n.ul-style{\n  color: #000;\nfont-family: Poppins;\nfont-size: 17px;\nfont-style: normal;\nfont-weight: 400;\nline-height: 150%; \/* 36px *\/\nmargin-left: 19px;\n}\n.p-style{\n color: #000;\nfont-family: Poppins;\nfont-size: 17px;\nfont-style: normal;\nfont-weight: 500;\nline-height: 200%; \/* 48px *\/\n\n}\n\n\n\n\n.thinking-icon {\n  width: 171px;\n  height: 41px;\n  left: -9px;\n  padding: 6px;\n  \/\/ bottom: 7px;\n  color: white;\n  background-color: #2F7A35;\n  position: relative;\n  margin-bottom: 15px;\n}\n.thinking-icon::before {\n  content: \"\";\n  position: absolute;\n  bottom: -13px;\n  left: 0px;\n  border-width: 17px 10px 0;\n  border-left: 0px;\n  border-style: solid;\n  border-color: #2F7A35 transparent;\n  transform: rotate(0deg);\n  display: block;\n  width: 0;\n}\r\n\t\t\t\t#cmsmasters_gallery_69eb69fea99c95_97401966 .cmsmasters_gallery {\r\n\t\t\t\t\tmargin:0 0 0 -10px;\r\n\t\t\t\t}\r\n\t\t\t\t\r\n\t\t\t\t#cmsmasters_gallery_69eb69fea99c95_97401966 .cmsmasters_gallery .cmsmasters_gallery_item {\r\n\t\t\t\t\tpadding:0 0 10px 10px;\r\n\t\t\t\t}\r\n\t\t\t \n#cmsmasters_row_69eb69feaa2669_37546391 .cmsmasters_row_outer_parent { \n\tpadding-top: 0px; \n} \n\n#cmsmasters_row_69eb69feaa2669_37546391 .cmsmasters_row_outer_parent { \n\tpadding-bottom: 0px; \n} \n\n\n.subtitle-color-1{\nfont-size: 18px;\nfont-style: normal;\nfont-weight: 500;\nline-height: normal;\n}\n.title-style{\n  color: #24894C;\nfont-family: Poppins;\nfont-size: 20px;\nfont-style: normal;\nfont-weight: 600;\nline-height: normal;\n}\n.content{\n \n  align-items: center;\n}\n.ul-style{\n  color: #000;\nfont-family: Poppins;\nfont-size: 17px;\nfont-style: normal;\nfont-weight: 400;\nline-height: 150%; \/* 36px *\/\nmargin-left: 19px;\n}\n.p-style{\n color: #000;\nfont-family: Poppins;\nfont-size: 17px;\nfont-style: normal;\nfont-weight: 500;\nline-height: 200%; \/* 48px *\/\n\n}\n\n\n\n\n \n#cmsmasters_row_69eb69feaa3853_69162823 .cmsmasters_row_outer_parent { \n\tpadding-top: 0px; \n} \n\n#cmsmasters_row_69eb69feaa3853_69162823 .cmsmasters_row_outer_parent { \n\tpadding-bottom: 50px; \n} \n\n\n.subtitle-color-1{\nfont-size: 18px;\nfont-style: normal;\nfont-weight: 500;\nline-height: normal;\n}\n.title-style{\n  color: #24894C;\nfont-family: Poppins;\nfont-size: 20px;\nfont-style: normal;\nfont-weight: 600;\nline-height: normal;\n}\n.content{\n \n  align-items: center;\n}\n.ul-style{\n  color: #000;\nfont-family: Poppins;\nfont-size: 17px;\nfont-style: normal;\nfont-weight: 400;\nline-height: 150%; \/* 36px *\/\nmargin-left: 19px;\n}\n.span-style{\ncolor: #24894C;\nfont-weight: 600;\n} \n#cmsmasters_row_69eb69feaa4962_19026612 .cmsmasters_row_outer_parent { \n\tpadding-top: 0px; \n} \n\n#cmsmasters_row_69eb69feaa4962_19026612 .cmsmasters_row_outer_parent { \n\tpadding-bottom: 50px; \n} \n\n\n.subtitle-color-1{\nfont-size: 18px;\nfont-style: normal;\nfont-weight: 500;\nline-height: normal;\n}\n.title-style{\n  color: #24894C;\nfont-family: Poppins;\nfont-size: 20px;\nfont-style: normal;\nfont-weight: 600;\nline-height: normal;\n}\n.content{\n \n  align-items: center;\n}\n.ul-style{\n  color: #000;\nfont-family: Poppins;\nfont-size: 17px;\nfont-style: normal;\nfont-weight: 400;\nline-height: 150%; \/* 36px *\/\nmargin-left: 19px;\n}\n.span-style{\ncolor: #24894C;\nfont-weight: 600;\n} \n#cmsmasters_row_69eb69feaa5956_79902214 .cmsmasters_row_outer_parent { \n\tpadding-top: 0px; \n} \n\n#cmsmasters_row_69eb69feaa5956_79902214 .cmsmasters_row_outer_parent { \n\tpadding-bottom: 50px; \n} \n\n<\/style><div id=\"cmsmasters_row_69eb69fea98881_62560889\" class=\"cmsmasters_row cmsmasters_color_scheme_default cmsmasters_row_top_default cmsmasters_row_bot_default cmsmasters_row_boxed\">\n<div class=\"cmsmasters_row_outer_parent\">\n<div class=\"cmsmasters_row_outer\">\n<div class=\"cmsmasters_row_inner\">\n<div class=\"cmsmasters_row_margin\">\n<div class=\"cmsmasters_column one_half\">\n<div class=\"custom_html\">\n\n<div >\n<p class=\"p-style\" >S\u00e9curis\u00e9e et pratique, toutes les cartes bancaires de la BMI sont \u00e0 puce et sont valables pendant 3 ans. Toute carte est nominative et son utilisation n\u00e9cessite la saisie d\u2019un code secret.<br \/>\nAvec un large choix de cartes bancaires, la Banque Mauritanienne de l\u2019Investissement vous assure la possibilit\u00e9 de :<\/p>\n<ul class=\"ul-style\">\n<p><img decoding=\"async\" width=10px height=10px src=\"https:\/\/www.bmi.mr\/wp-content\/uploads\/2023\/08\/Group-1928.png\"><\/img> Retirer de l\u2019argent au niveau de l\u2019ensemble des distributeurs en Mauritanie.<\/p>\n<p><img decoding=\"async\" width=10px height=10px src=\"https:\/\/www.bmi.mr\/wp-content\/uploads\/2023\/08\/Group-1928.png\"><\/img> Suivre r\u00e9guli\u00e8rement votre compte \u00e0 distance gr\u00e2ce \u00e0 notre service de banque en ligne<\/p>\n<\/ul><\/div>\n<\/div>\n<div class=\"custom_css\">\n\n<\/div>\n<\/div>\n<div class=\"cmsmasters_column one_half\">\n<div id=\"cmsmasters_gallery_69eb69fea99c95_97401966\" class=\"cmsmasters_gallery_wrap\"><ul class=\"cmsmasters_gallery cmsmasters_4 cmsmasters_more_items_loader\"><li class=\"cmsmasters_gallery_item\"><figure><img fetchpriority=\"high\" decoding=\"async\" width=\"1280\" height=\"854\" src=\"https:\/\/bmi.mr\/wp-content\/uploads\/2023\/08\/WhatsApp-Image-2023-08-30-at-10.08-4.png\" class=\"attachment-full size-full\" alt=\"\" srcset=\"https:\/\/bmi.mr\/wp-content\/uploads\/2023\/08\/WhatsApp-Image-2023-08-30-at-10.08-4.png 1280w, https:\/\/bmi.mr\/wp-content\/uploads\/2023\/08\/WhatsApp-Image-2023-08-30-at-10.08-4-300x200.png 300w, https:\/\/bmi.mr\/wp-content\/uploads\/2023\/08\/WhatsApp-Image-2023-08-30-at-10.08-4-1024x683.png 1024w, https:\/\/bmi.mr\/wp-content\/uploads\/2023\/08\/WhatsApp-Image-2023-08-30-at-10.08-4-768x512.png 768w, https:\/\/bmi.mr\/wp-content\/uploads\/2023\/08\/WhatsApp-Image-2023-08-30-at-10.08-4-18x12.png 18w, https:\/\/bmi.mr\/wp-content\/uploads\/2023\/08\/WhatsApp-Image-2023-08-30-at-10.08-4-580x387.png 580w, https:\/\/bmi.mr\/wp-content\/uploads\/2023\/08\/WhatsApp-Image-2023-08-30-at-10.08-4-860x574.png 860w, https:\/\/bmi.mr\/wp-content\/uploads\/2023\/08\/WhatsApp-Image-2023-08-30-at-10.08-4-1160x774.png 1160w, https:\/\/bmi.mr\/wp-content\/uploads\/2023\/08\/WhatsApp-Image-2023-08-30-at-10.08-4-600x400.png 600w\" sizes=\"(max-width: 1280px) 100vw, 1280px\" \/><\/figure><\/li><\/ul><script type=\"text\/javascript\">\r\n\t\t\t\tjQuery(document).ready(function () {\r\n\t\t\t\t\t(function ($) {\r\n\t\t\t\t\t\tif ($('#cmsmasters_gallery_69eb69fea99c95_97401966').find('.cmsmasters_gallery_item').length == '0') {\r\n\t\t\t\t\t\t\treturn false;\r\n\t\t\t\t\t\t}\r\n\t\t\t\t\t\t\r\n\t\t\t\t\t\t\r\n\t\t\t\t\t\tstartGallery( \r\n\t\t\t\t\t\t\t'69eb69fea99c95_97401966', \r\n\t\t\t\t\t\t\t'grid', \r\n\t\t\t\t\t\t\t'false', \r\n\t\t\t\t\t\t\t'false' \r\n\t\t\t\t\t\t);\r\n\t\t\t\t\t} )(jQuery);\r\n\t\t\t\t} );\r\n\t\t\t<\/script>\r\n\t\t\t<\/div>\n<\/div>\n<\/div>\n<\/div>\n<\/div>\n<\/div>\n<\/div>\n<div id=\"cmsmasters_row_69eb69feaa2669_37546391\" class=\"cmsmasters_row cmsmasters_color_scheme_default cmsmasters_row_top_default cmsmasters_row_bot_default cmsmasters_row_boxed\">\n<div class=\"cmsmasters_row_outer_parent\">\n<div class=\"cmsmasters_row_outer\">\n<div class=\"cmsmasters_row_inner\">\n<div class=\"cmsmasters_row_margin\">\n<div class=\"cmsmasters_column one_first\">\n<div class=\"custom_css\">\n\n<\/div>\n<\/div>\n<\/div>\n<\/div>\n<\/div>\n<\/div>\n<\/div>\n<div id=\"cmsmasters_row_69eb69feaa3853_69162823\" class=\"cmsmasters_row cmsmasters_color_scheme_default cmsmasters_row_top_default cmsmasters_row_bot_default cmsmasters_row_boxed\">\n<div class=\"cmsmasters_row_outer_parent\">\n<div class=\"cmsmasters_row_outer\">\n<div class=\"cmsmasters_row_inner\">\n<div class=\"cmsmasters_row_margin\">\n<div class=\"cmsmasters_column one_first\">\n<div class=\"custom_html\">\n\n<div >\n<p class=\"subtitle-color-1 thinking-icon\">Carte Classique<\/p>\n<p class=\"p-style\" >\n<span class=\"span-style\"> La Carte Classique <\/span> est accessible \u00e0 toute personne physique d\u00e9tentrice d\u2019un compte courant \u00e0 la BMI. <\/p>\n<p> <\/p>\n<p class=\"p-style\" > <span class=\"span-style\">CLIENTS ELIGIBLES <\/span> <\/p>\n<ul class=\"ul-style\">\n<p><img decoding=\"async\" width=10px height=10px src=\"https:\/\/www.bmi.mr\/wp-content\/uploads\/2023\/08\/Group-1928.png\"><\/img>  Vous \u00eates titulaire d\u2019un compte ouvert \u00e0 la Banque Mauritanienne de l\u2019Investissement <\/p>\n<p><img decoding=\"async\" width=10px height=10px src=\"https:\/\/www.bmi.mr\/wp-content\/uploads\/2023\/08\/Group-1928.png\"><\/img> Vous voulez retirer de l\u2019argent liquide, en toute circonstance\n<\/ul>\n<p> <\/p>\n<p class=\"p-style\" > <span class=\"span-style\">AVANTAGES <\/span> <\/p>\n<ul class=\"ul-style\">\n<p><img decoding=\"async\" width=10px height=10px src=\"https:\/\/www.bmi.mr\/wp-content\/uploads\/2023\/08\/Group-1928.png\"><\/img> Retirez de l\u2019argent au niveau de tous les distributeurs de billets de banque en Mauritanie.<\/p>\n<p><img decoding=\"async\" width=10px height=10px src=\"https:\/\/www.bmi.mr\/wp-content\/uploads\/2023\/08\/Group-1928.png\"><\/img> R\u00e9glez toutes vos d\u00e9penses aupr\u00e8s des commer\u00e7ants mauritaniens ayant un Terminal de Paiement Electronique (TPE).<\/p>\n<p><img decoding=\"async\" width=10px height=10px src=\"https:\/\/www.bmi.mr\/wp-content\/uploads\/2023\/08\/Group-1928.png\"><\/img> Effectuez des retraits aupr\u00e8s de toutes les agences bancaires.\n<\/ul>\n<p> <\/p>\n<p class=\"p-style\" > <span class=\"span-style\">SOUSCRIPTION<\/span> <\/p>\n<ul class=\"ul-style\">\n<p><img decoding=\"async\" width=10px height=10px src=\"https:\/\/www.bmi.mr\/wp-content\/uploads\/2023\/08\/Group-1928.png\"><\/img>  Formulaire de demande de carte classique d\u00fbment rempli.\n<\/ul>\n<p> <\/p>\n<p class=\"p-style\" > <span class=\"span-style\">TARIFICATION<\/span> <\/p>\n<ul class=\"ul-style\">\n<p><img decoding=\"async\" width=10px height=10px src=\"https:\/\/www.bmi.mr\/wp-content\/uploads\/2023\/08\/Group-1928.png\"><\/img> D\u00e9lai de validit\u00e9 : 2 ans.<\/p>\n<p><img decoding=\"async\" width=10px height=10px src=\"https:\/\/www.bmi.mr\/wp-content\/uploads\/2023\/08\/Group-1928.png\"><\/img> Co\u00fbt d\u2019acquisition : 600 MRU TTC.  <\/p>\n<p><img decoding=\"async\" width=10px height=10px src=\"https:\/\/www.bmi.mr\/wp-content\/uploads\/2023\/08\/Group-1928.png\"><\/img> Retrait GAB BMI : Gratuit.<\/p>\n<p><img decoding=\"async\" width=10px height=10px src=\"https:\/\/www.bmi.mr\/wp-content\/uploads\/2023\/08\/Group-1928.png\"><\/img> Retrait GAB autres banques Mauritanie: 10 MRU + 1% du montant retir\u00e9.<\/p>\n<p><img decoding=\"async\" width=10px height=10px src=\"https:\/\/www.bmi.mr\/wp-content\/uploads\/2023\/08\/Group-1928.png\"><\/img> Plafond journalier de retrait : 10.000 MRU.\n<\/ul><\/div>\n<\/div>\n<div class=\"custom_css\">\n\n<\/div>\n<\/div>\n<\/div>\n<\/div>\n<\/div>\n<\/div>\n<\/div>\n<div id=\"cmsmasters_row_69eb69feaa4962_19026612\" class=\"cmsmasters_row cmsmasters_color_scheme_default cmsmasters_row_top_default cmsmasters_row_bot_default cmsmasters_row_boxed\">\n<div class=\"cmsmasters_row_outer_parent\">\n<div class=\"cmsmasters_row_outer\">\n<div class=\"cmsmasters_row_inner\">\n<div class=\"cmsmasters_row_margin\">\n<div class=\"cmsmasters_column one_first\">\n<div class=\"custom_html\">\n\n<div >\n<p class=\"subtitle-color-1 thinking-icon\">Carte Gold<\/p>\n<p class=\"p-style\" >\n<span class=\"span-style\"> La Carte GOLD <\/span> est une carte bancaire haut de gamme avec des capacit\u00e9s de paiement et de retraits accrues.<\/p>\n<p> <\/p>\n<p class=\"p-style\" > <span class=\"span-style\">CLIENTS ELIGIBLES <\/span> <\/p>\n<ul class=\"ul-style\">\n<p><img decoding=\"async\" width=10px height=10px src=\"https:\/\/www.bmi.mr\/wp-content\/uploads\/2023\/08\/Group-1928.png\"><\/img> Carte destin\u00e9e aux particuliers, salari\u00e9s du priv\u00e9 ou du public, commer\u00e7ants, professions lib\u00e9rales, ayant des revenus importants et domicili\u00e9s chez la BMI\n<\/ul>\n<p> <\/p>\n<p class=\"p-style\" > <span class=\"span-style\">AVANTAGES <\/span> <\/p>\n<ul class=\"ul-style\">\n<p><img decoding=\"async\" width=10px height=10px src=\"https:\/\/www.bmi.mr\/wp-content\/uploads\/2023\/08\/Group-1928.png\"><\/img> La carte Gold est une carte :<br \/>\nDe retrait qui permet de profiter au quotidien d\u2019une capacit\u00e9 de retrait journalier et hebdomadaire plus importante.<\/p>\n<\/ul>\n<p> <\/p>\n<p class=\"p-style\" > <span class=\"span-style\">SOUSCRIPTION<\/span> <\/p>\n<ul class=\"ul-style\">\n<p><img decoding=\"async\" width=10px height=10px src=\"https:\/\/www.bmi.mr\/wp-content\/uploads\/2023\/08\/Group-1928.png\"><\/img> Formulaire de demande de carte gold dument rempli et sign\u00e9 pr\u00e9c\u00e9d\u00e9 de la mention \u00ab lu et approuv\u00e9-copie re\u00e7ue \u00bb<\/p>\n<p><img decoding=\"async\" width=10px height=10px src=\"https:\/\/www.bmi.mr\/wp-content\/uploads\/2023\/08\/Group-1928.png\"><\/img> Photocopie de la pi\u00e8ce d\u2019identit\u00e9 valide\n<\/ul>\n<p> <\/p>\n<p class=\"p-style\" > <span class=\"span-style\">TARIFICATION<\/span> <\/p>\n<ul class=\"ul-style\">\n<p><img decoding=\"async\" width=10px height=10px src=\"https:\/\/www.bmi.mr\/wp-content\/uploads\/2023\/08\/Group-1928.png\"><\/img> D\u00e9lai de validit\u00e9 : 2 ans.<\/p>\n<p><img decoding=\"async\" width=10px height=10px src=\"https:\/\/www.bmi.mr\/wp-content\/uploads\/2023\/08\/Group-1928.png\"><\/img> Co\u00fbt d\u2019acquisition :  11 00 MRU TTC  <\/p>\n<p><img decoding=\"async\" width=10px height=10px src=\"https:\/\/www.bmi.mr\/wp-content\/uploads\/2023\/08\/Group-1928.png\"><\/img>  Retrait GAB BMI : Gratuit.<\/p>\n<p><img decoding=\"async\" width=10px height=10px src=\"https:\/\/www.bmi.mr\/wp-content\/uploads\/2023\/08\/Group-1928.png\"><\/img> Retrait GAB autres banques Mauritanie: 10 MRU + 1% du montant retir\u00e9.<\/p>\n<p><img decoding=\"async\" width=10px height=10px src=\"https:\/\/www.bmi.mr\/wp-content\/uploads\/2023\/08\/Group-1928.png\"><\/img> Plafond journalier de retrait au GAB : 40 000 MRU\n<\/ul><\/div>\n<\/div>\n<div class=\"custom_css\">\n\n<\/div>\n<\/div>\n<\/div>\n<\/div>\n<\/div>\n<\/div>\n<\/div>\n<div id=\"cmsmasters_row_69eb69feaa5956_79902214\" class=\"cmsmasters_row cmsmasters_color_scheme_default cmsmasters_row_top_default cmsmasters_row_bot_default cmsmasters_row_boxed\">\n<div class=\"cmsmasters_row_outer_parent\">\n<div class=\"cmsmasters_row_outer\">\n<div class=\"cmsmasters_row_inner\">\n<div class=\"cmsmasters_row_margin\">\n<div class=\"cmsmasters_column one_first\">\n<p><\/p>\n<\/div>\n<\/div>\n<\/div>\n<\/div>\n<\/div>\n<\/div>\n\n","protected":false},"excerpt":{"rendered":"","protected":false},"author":11,"featured_media":0,"parent":0,"menu_order":0,"comment_status":"closed","ping_status":"closed","template":"","meta":{"footnotes":""},"class_list":["post-12332","page","type-page","status-publish","hentry"],"aioseo_notices":[],"_links":{"self":[{"href":"https:\/\/bmi.mr\/fr\/wp-json\/wp\/v2\/pages\/12332","targetHints":{"allow":["GET"]}}],"collection":[{"href":"https:\/\/bmi.mr\/fr\/wp-json\/wp\/v2\/pages"}],"about":[{"href":"https:\/\/bmi.mr\/fr\/wp-json\/wp\/v2\/types\/page"}],"author":[{"embeddable":true,"href":"https:\/\/bmi.mr\/fr\/wp-json\/wp\/v2\/users\/11"}],"replies":[{"embeddable":true,"href":"https:\/\/bmi.mr\/fr\/wp-json\/wp\/v2\/comments?post=12332"}],"version-history":[{"count":28,"href":"https:\/\/bmi.mr\/fr\/wp-json\/wp\/v2\/pages\/12332\/revisions"}],"predecessor-version":[{"id":14669,"href":"https:\/\/bmi.mr\/fr\/wp-json\/wp\/v2\/pages\/12332\/revisions\/14669"}],"wp:attachment":[{"href":"https:\/\/bmi.mr\/fr\/wp-json\/wp\/v2\/media?parent=12332"}],"curies":[{"name":"wp","href":"https:\/\/api.w.org\/{rel}","templated":true}]}}