{"id":12375,"date":"2023-08-11T16:36:19","date_gmt":"2023-08-11T16:36:19","guid":{"rendered":"http:\/\/44.209.174.60\/?page_id=12375"},"modified":"2023-08-26T11:46:29","modified_gmt":"2023-08-26T11:46:29","slug":"entreprise-compte-courant-ong","status":"publish","type":"page","link":"https:\/\/bmi.mr\/fr\/entreprise-compte-courant-ong\/","title":{"rendered":"Entreprise\/ Compte courant\/ ONG"},"content":{"rendered":"<style type=\"text\/css\"> \n#cmsmasters_row_69eb7a6ec99dd4_29638968 .cmsmasters_row_outer_parent { \n\tpadding-top: 45px; \n} \n\n#cmsmasters_row_69eb7a6ec99dd4_29638968 .cmsmasters_row_outer_parent { \n\tpadding-bottom: 50px; \n} \n\n \n#cmsmasters_row_69eb7a6ec9a8e1_62386011 .cmsmasters_row_outer_parent { \n\tpadding-top: 10px; \n} \n\n#cmsmasters_row_69eb7a6ec9a8e1_62386011 .cmsmasters_row_outer_parent { \n\tpadding-bottom: 50px; \n} \n\n\n.subtitle-color-1{\nfont-size: 18px;\nfont-style: normal;\nfont-weight: 500;\nline-height: normal;\n}\n.title-style{\n  color: #24894C;\nfont-family: Poppins;\nfont-size: 20px;\nfont-style: normal;\nfont-weight: 600;\nline-height: normal;\n}\n.content{\n \n  align-items: center;\n}\n.ul-style{\n  color: #000;\nfont-family: Poppins;\nfont-size: 17px;\nfont-style: normal;\nfont-weight: 400;\nline-height: 150%; \/* 36px *\/\nmargin-left: 19px;\n}\n.p-style{\n  color: #000;\nfont-family: Poppins;\nfont-size: 19px;\nfont-style: normal;\nfont-weight: 500;\nline-height: 150%; \/* 36px *\/\n}\n\n\n\n\n.thinking-icon {\n  width: 291px;\n  height: 34px;\n  padding: 6px;\n  \/\/ bottom: 7px;\n  color: white;\n  background-color: #2F7A35;\n  position: relative;\n}\n.thinking-icon::before {\n  content: \"\";\n  position: absolute;\n  bottom: -13px;\n  left: 0px;\n  border-width: 17px 10px 0;\n  border-left: 0px;\n  border-style: solid;\n  border-color: #2F7A35 transparent;\n  transform: rotate(0deg);\n  display: block;\n  width: 0;\n}<\/style><div id=\"cmsmasters_row_69eb7a6ec99dd4_29638968\" class=\"cmsmasters_row cmsmasters_color_scheme_default cmsmasters_row_top_default cmsmasters_row_bot_default cmsmasters_row_boxed\">\n<div class=\"cmsmasters_row_outer_parent\">\n<div class=\"cmsmasters_row_outer\">\n<div class=\"cmsmasters_row_inner\">\n<div class=\"cmsmasters_row_margin\">\n<div class=\"cmsmasters_column one_first\">\n<div class=\"custom_html\">\n<p><center> <\/p>\n<p class=\"subtitle-color-1 thinking-icon\">Pour Une Association \/ ONG <\/p>\n<p> <\/center><\/p>\n<\/div>\n<\/div>\n<\/div>\n<\/div>\n<\/div>\n<\/div>\n<\/div>\n<div id=\"cmsmasters_row_69eb7a6ec9a8e1_62386011\" class=\"cmsmasters_row cmsmasters_color_scheme_default cmsmasters_row_top_default cmsmasters_row_bot_default cmsmasters_row_boxed\">\n<div class=\"cmsmasters_row_outer_parent\">\n<div class=\"cmsmasters_row_outer\">\n<div class=\"cmsmasters_row_inner\">\n<div class=\"cmsmasters_row_margin\">\n<div class=\"cmsmasters_column one_first\">\n<div class=\"custom_html\">\n\n<div >\n<ul class=\"ul-style\">\n<li> Lettre de demande d\u2019ouverture de compte. <\/li>\n<li> PV de nomination du pr\u00e9sident. <\/li>\n<li>Copie r\u00e9cente de la pi\u00e8ce d\u2019identit\u00e9, deux photos d\u2019identit\u00e9. <\/li>\n<li>Si \u00e9tranger : Copie du passeport pour v\u00e9rification du visa, copie de la carte s\u00e9jour ou re\u00e7u de la carte s\u00e9jour. <\/li>\n<li>Si l\u2019un des actionnaires est une personne morale, il faut pr\u00e9senter le statut, PV, RC et NIF. <\/li>\n<li>Justificatif d\u2019adresse de la soci\u00e9t\u00e9 (copie d\u2019un facture de mois de 3 mois de la SOMELEC ou SNDE, ou attestation d\u2019adresse avec de l\u2019entreprise s\u2019il s\u2019agit d\u2019une nouvelle entit\u00e9 (\u00e0 suivre plus tard pour la facture de la SOMELEC ou SNDE). <\/li>\n<li>Justificatif d\u2019adresse du pr\u00e9sident (copie d\u2019un facture de mois de 3 mois de la SOMELEC, SNDE, MATTEL, MAURITEL ou CHINGUITEL, ou attestation d\u2019adresse avec de l\u2019entreprise s\u2019il s\u2019agit d\u2019une nouvelle entit\u00e9 (\u00e0 suivre plus tard pour la facture de la SOMELEC ou SNDE).<br \/>\nA noter que si l\u2019adresse de l\u2019association est conforme, une attestation mentionnant l\u2019adresse du g\u00e9rant de la part de la soci\u00e9t\u00e9 est suffisante. <\/li>\n<li>L\u2019engagement FATCA (Foreign Account Tax Compliance Act) et W8 BENE (Certificate of Status of Beneficial Owner for United States Tax Withholding and Reporting Entities) doit \u00eatre sign\u00e9 par le ou les mandataires de la soci\u00e9t\u00e9 ou \u00e9tablissement (pour le respect d\u2019indice d\u2019am\u00e9ricanit\u00e9 ou pas, s\u2019agissant d\u2019une convention sign\u00e9 entre la BCM et le gouvernement am\u00e9ricain afin que ce dernier puisse lutter contre l\u2019\u00e9vasion fiscale des contribuables am\u00e9ricains d\u00e9tenant des avoirs financiers \u00e0 l\u2019\u00e9tranger). <\/li>\n<\/ul><\/div>\n<\/div>\n<div class=\"custom_css\">\n\n<\/div>\n<\/div>\n<\/div>\n<\/div>\n<\/div>\n<\/div>\n<\/div>\n\n","protected":false},"excerpt":{"rendered":"","protected":false},"author":11,"featured_media":0,"parent":0,"menu_order":0,"comment_status":"closed","ping_status":"closed","template":"","meta":{"footnotes":""},"class_list":["post-12375","page","type-page","status-publish","hentry"],"aioseo_notices":[],"_links":{"self":[{"href":"https:\/\/bmi.mr\/fr\/wp-json\/wp\/v2\/pages\/12375","targetHints":{"allow":["GET"]}}],"collection":[{"href":"https:\/\/bmi.mr\/fr\/wp-json\/wp\/v2\/pages"}],"about":[{"href":"https:\/\/bmi.mr\/fr\/wp-json\/wp\/v2\/types\/page"}],"author":[{"embeddable":true,"href":"https:\/\/bmi.mr\/fr\/wp-json\/wp\/v2\/users\/11"}],"replies":[{"embeddable":true,"href":"https:\/\/bmi.mr\/fr\/wp-json\/wp\/v2\/comments?post=12375"}],"version-history":[{"count":3,"href":"https:\/\/bmi.mr\/fr\/wp-json\/wp\/v2\/pages\/12375\/revisions"}],"predecessor-version":[{"id":13544,"href":"https:\/\/bmi.mr\/fr\/wp-json\/wp\/v2\/pages\/12375\/revisions\/13544"}],"wp:attachment":[{"href":"https:\/\/bmi.mr\/fr\/wp-json\/wp\/v2\/media?parent=12375"}],"curies":[{"name":"wp","href":"https:\/\/api.w.org\/{rel}","templated":true}]}}