{"id":12878,"date":"2023-08-13T11:26:49","date_gmt":"2023-08-13T11:26:49","guid":{"rendered":"http:\/\/44.209.174.60\/?page_id=12878"},"modified":"2023-08-30T13:01:47","modified_gmt":"2023-08-30T13:01:47","slug":"pack-ge","status":"publish","type":"page","link":"https:\/\/bmi.mr\/fr\/pack-ge\/","title":{"rendered":"Pack GE"},"content":{"rendered":"<style type=\"text\/css\"> \n#cmsmasters_row_69eb7a7113bb42_40703379 { \n\tbackground-image: url(https:\/\/bmi.mr\/wp-content\/uploads\/2023\/08\/Group-269537.jpg); \n\tbackground-position: top left; \n\tbackground-repeat: no-repeat; \n\tbackground-attachment: scroll; \n\tbackground-size: auto; \n} \n\n#cmsmasters_row_69eb7a7113bb42_40703379 .cmsmasters_row_outer_parent { \n\tpadding-top: 50px; \n} \n\n#cmsmasters_row_69eb7a7113bb42_40703379 .cmsmasters_row_outer_parent { \n\tpadding-bottom: 50px; \n} \n\n#cmsmasters_row_69eb7a7113bb42_40703379 .cmsmasters_row_inner.cmsmasters_row_fullwidth { \n\tpadding-left:15%; \n} \n#cmsmasters_row_69eb7a7113bb42_40703379 .cmsmasters_row_inner.cmsmasters_row_fullwidth { \n\tpadding-right:10%; \n} \n\n.subtitle-color{\n color: #f0f0f1;\nfont-family: Montserrat;\nfont-size: 19px;\nfont-style: normal;\nfont-weight: 500;\nline-height: normal;\n}\n.title-style{\n  color: #24894C;\nfont-family: Poppins;\nfont-size: 20px;\nfont-style: normal;\nfont-weight: 600;\nline-height: normal;\nmargin-top: 20px\n}\n.content{\n \n  align-items: center;\n}\n.p-style{\n  color: #000;\nfont-family: Poppins;\nfont-size: 16px;\nfont-style: normal;\nfont-weight: 500;\nline-height: 150%; \/* 36px *\/\n}\n.thinking-icon {\n  width: 158px;\n  height: 40px;\n  left: -9px;\n  padding: 10px;\n  \/\/ bottom: 7px;\n  color: white;\n  background-color: #2F7A35;\n  position: relative;\n}\n.thinking-icon::before {\n  content: \"\";\n  position: absolute;\n  bottom: -13px;\n  left: 0px;\n  border-width: 17px 10px 0;\n  border-left: 0px;\n  border-style: solid;\n  border-color: #2F7A35 transparent;\n  transform: rotate(0deg);\n  display: block;\n  width: 0;\n} \n#cmsmasters_row_69eb7a711476c0_34291053 { \n\tbackground-image: url(https:\/\/bmi.mr\/wp-content\/uploads\/2023\/08\/Group-269537.jpg); \n\tbackground-position: top right; \n\tbackground-repeat: no-repeat; \n\tbackground-attachment: scroll; \n\tbackground-size: auto; \n} \n\n#cmsmasters_row_69eb7a711476c0_34291053 .cmsmasters_row_outer_parent { \n\tpadding-bottom: 16px; \n} \n\n#cmsmasters_row_69eb7a711476c0_34291053 .cmsmasters_row_inner.cmsmasters_row_fullwidth { \n\tpadding-left:15%; \n} \n#cmsmasters_row_69eb7a711476c0_34291053 .cmsmasters_row_inner.cmsmasters_row_fullwidth { \n\tpadding-right:10%; \n} \n\n.thinking-icon-1 {\n    width: 172px;\n  height: 40px;\n  left: -9px;\n  padding: 10px;\n  \/\/ bottom: 7px;\n  color: white;\n  background-color: #2F7A35;\n  position: relative;\n}\n.thinking-icon-1::before {\n  content: \"\";\n  position: absolute;\n  bottom: -13px;\n  left: 0px;\n  border-width: 17px 10px 0;\n  border-left: 0px;\n  border-style: solid;\n  border-color: #2F7A35 transparent;\n  transform: rotate(0deg);\n  display: block;\n  width: 0;\n\n}\n.title-style{\n  color: #24894C;\nfont-family: Poppins;\nfont-size: 20px;\nfont-style: normal;\nfont-weight: 600;\nline-height: normal;\nmargin-top: 20px\n} \n#cmsmasters_row_69eb7a71148e55_92273383 { \n\tbackground-image: url(https:\/\/bmi.mr\/wp-content\/uploads\/2023\/08\/Group-269537.jpg); \n\tbackground-position: top left; \n\tbackground-repeat: no-repeat; \n\tbackground-attachment: scroll; \n\tbackground-size: auto; \n} \n\n#cmsmasters_row_69eb7a71148e55_92273383 .cmsmasters_row_outer_parent { \n\tpadding-bottom: 16px; \n} \n\n#cmsmasters_row_69eb7a71148e55_92273383 .cmsmasters_row_inner.cmsmasters_row_fullwidth { \n\tpadding-left:15%; \n} \n#cmsmasters_row_69eb7a71148e55_92273383 .cmsmasters_row_inner.cmsmasters_row_fullwidth { \n\tpadding-right:10%; \n} \n\n.ul-style{\n  color: #000;\nfont-family: Poppins;\nfont-size: 16px;\nfont-style: normal;\nfont-weight: 500;\nline-height: 150%; \/* 36px *\/\n}\n.thinking-icon-2 {\n  width: 172px;\n  height: 40px;\n  left: -9px;\n  padding: 10px;\n  \/\/ bottom: 7px;\n  color: white;\n  background-color: #2F7A35;\n  position: relative;\n}\n.thinking-icon-2::before {\n  content: \"\";\n  position: absolute;\n  bottom: -13px;\n  left: 0px;\n  border-width: 17px 10px 0;\n  border-left: 0px;\n  border-style: solid;\n  border-color: #2F7A35 transparent;\n  transform: rotate(0deg);\n  display: block;\n  width: 0;\n}\n\n\n.thinking-icon-3 {\n  width: 262px;\n  height: 40px;\n  left: -9px;\n  padding: 10px;\n  \/\/ bottom: 7px;\n  color: white;\n  background-color: #2F7A35;\n  position: relative;\n}\n.thinking-icon-3::before {\n  content: \"\";\n  position: absolute;\n  bottom: -13px;\n  left: 0px;\n  border-width: 17px 10px 0;\n  border-left: 0px;\n  border-style: solid;\n  border-color: #2F7A35 transparent;\n  transform: rotate(0deg);\n  display: block;\n  width: 0;\n} \n#cmsmasters_row_69eb7a7114b051_03670890 { \n\tbackground-image: url(https:\/\/bmi.mr\/wp-content\/uploads\/2023\/08\/Group-269537.jpg); \n\tbackground-position: top right; \n\tbackground-repeat: no-repeat; \n\tbackground-attachment: scroll; \n\tbackground-size: auto; \n} \n\n#cmsmasters_row_69eb7a7114b051_03670890 .cmsmasters_row_outer_parent { \n\tpadding-bottom: 16px; \n} \n\n#cmsmasters_row_69eb7a7114b051_03670890 .cmsmasters_row_inner.cmsmasters_row_fullwidth { \n\tpadding-left:15%; \n} \n#cmsmasters_row_69eb7a7114b051_03670890 .cmsmasters_row_inner.cmsmasters_row_fullwidth { \n\tpadding-right:10%; \n} \n\n.subtitle-color{\n  color: #f0f0f1;\nfont-family: Montserrat;\nfont-size: 19px;\nfont-style: normal;\nfont-weight: 500;\nline-height: normal;\n}\n.title-style{\n  color: #24894C;\nfont-family: Poppins;\nfont-size: 20px;\nfont-style: normal;\nfont-weight: 600;\nline-height: normal;\n}\n.content{\n \n  align-items: center;\n}\n \n#cmsmasters_row_69eb7a7114cf06_54493085 { \n\tbackground-image: url(https:\/\/bmi.mr\/wp-content\/uploads\/2023\/08\/Group-269537.jpg); \n\tbackground-position: top left; \n\tbackground-repeat: no-repeat; \n\tbackground-attachment: scroll; \n\tbackground-size: auto; \n} \n\n#cmsmasters_row_69eb7a7114cf06_54493085 .cmsmasters_row_outer_parent { \n\tpadding-bottom: 16px; \n} \n\n#cmsmasters_row_69eb7a7114cf06_54493085 .cmsmasters_row_inner.cmsmasters_row_fullwidth { \n\tpadding-left:15%; \n} \n#cmsmasters_row_69eb7a7114cf06_54493085 .cmsmasters_row_inner.cmsmasters_row_fullwidth { \n\tpadding-right:10%; \n} \n\n.subtitle-color{\n  color: #f0f0f1;\nfont-family: Montserrat;\nfont-size: 19px;\nfont-style: normal;\nfont-weight: 500;\nline-height: normal;\n}\n.title-style{\n  color: #24894C;\nfont-family: Poppins;\nfont-size: 20px;\nfont-style: normal;\nfont-weight: 600;\nline-height: normal;\n}\n.content{\n \n  align-items: center;\n}\n<\/style><div id=\"cmsmasters_row_69eb7a7113bb42_40703379\" class=\"cmsmasters_row cmsmasters_color_scheme_default cmsmasters_row_top_default cmsmasters_row_bot_default cmsmasters_row_fullwidth\">\n<div class=\"cmsmasters_row_outer_parent\">\n<div class=\"cmsmasters_row_outer\">\n<div class=\"cmsmasters_row_inner cmsmasters_row_fullwidth\">\n<div class=\"cmsmasters_row_margin\">\n<div class=\"cmsmasters_column one_half\">\n<div class=\"cmsmasters_img  cmsmasters_image_n\" data-animation=\"fadeIn\" data-delay=\"0\">\n<img decoding=\"async\" src=\"https:\/\/bmi.mr\/wp-content\/uploads\/2023\/08\/WhatsApp-Image-2023-08-30-at-10.07-4-300x202.png\" \/>\n<\/div>\n<\/div>\n<div class=\"cmsmasters_column one_half\">\n<div class=\"custom_css\">\n\n<\/div>\n<div class=\"custom_html\">\n\n<div >\n<p class=\"subtitle-color thinking-icon\"> Pack GE<\/p>\n<p class=\"title-style\">QU\u2019EST-CE QUE LE \u201c PACK GE \u201d ?<\/p>\n<p class=\"p-style\" >Un pack permettant le regroupement des services de banque \u00e0 distance et un plafond suffisant pour couvrir vos besoins journaliers.<\/p>\n<\/p><\/div>\n<\/div>\n<\/div>\n<\/div>\n<\/div>\n<\/div>\n<\/div>\n<\/div>\n<div id=\"cmsmasters_row_69eb7a711476c0_34291053\" class=\"cmsmasters_row cmsmasters_color_scheme_default cmsmasters_row_top_default cmsmasters_row_bot_default cmsmasters_row_fullwidth\">\n<div class=\"cmsmasters_row_outer_parent\">\n<div class=\"cmsmasters_row_outer\">\n<div class=\"cmsmasters_row_inner cmsmasters_row_fullwidth\">\n<div class=\"cmsmasters_row_margin\">\n<div class=\"cmsmasters_column one_half\">\n<\/div>\n<div class=\"cmsmasters_column one_half\">\n<div class=\"custom_css\">\n\n<\/div>\n<div class=\"custom_html\">\n\n<div >\n<p class=\"thinking-icon-1\">CLIENTS ELIGIBLES <\/p>\n<p class=\"title-style\">QUELS CRIT\u00c8RES D\u00c9FINISSENT L'\u00c9LIGIBILIT\u00c9 DE NOS CLIENTS ?<\/p>\n<p class=\"p-style\" >\nSalari\u00e9 du public ou du priv\u00e9.<\/p>\n<\/p><\/div>\n<\/div>\n<\/div>\n<\/div>\n<\/div>\n<\/div>\n<\/div>\n<\/div>\n<div id=\"cmsmasters_row_69eb7a71148e55_92273383\" class=\"cmsmasters_row cmsmasters_color_scheme_default cmsmasters_row_top_default cmsmasters_row_bot_default cmsmasters_row_fullwidth\">\n<div class=\"cmsmasters_row_outer_parent\">\n<div class=\"cmsmasters_row_outer\">\n<div class=\"cmsmasters_row_inner cmsmasters_row_fullwidth\">\n<div class=\"cmsmasters_row_margin\">\n<div class=\"cmsmasters_column one_half\">\n<div class=\"custom_css\">\n\n<\/div>\n<div class=\"custom_html\">\n\n<div >\n<p class=\"thinking-icon-1\">PRODUITS ET SERVICES <\/p>\n<p class=\"title-style\">QU'OFFRONS-NOUS COMME PRODUITS ET SERVICES ?<\/p>\n<p class=\"p-style\" >\n<ul class=\"ul-style\">\n<p><img decoding=\"async\" width=10px height=10px src=\"https:\/\/www.bmi.mr\/wp-content\/uploads\/2023\/08\/Group-1928.png\"><\/img> Compte courant ;<\/p>\n<p><img decoding=\"async\" width=10px height=10px src=\"https:\/\/www.bmi.mr\/wp-content\/uploads\/2023\/08\/Group-1928.png\"><\/img> Abonnement E-BMI<\/p>\n<p><img decoding=\"async\" width=10px height=10px src=\"https:\/\/www.bmi.mr\/wp-content\/uploads\/2023\/08\/Group-1928.png\"><\/img> Abonnement SMS Banking<\/p>\n<p><img decoding=\"async\" width=10px height=10px src=\"https:\/\/www.bmi.mr\/wp-content\/uploads\/2023\/08\/Group-1928.png\"><\/img> Qard hassan Plafonn\u00e9 \u00e0 50 000 000 MRU\n<\/ul><\/div>\n<\/div>\n<\/div>\n<div class=\"cmsmasters_column one_half\">\n<p><\/p>\n<\/div>\n<\/div>\n<\/div>\n<\/div>\n<\/div>\n<\/div>\n<div id=\"cmsmasters_row_69eb7a7114b051_03670890\" class=\"cmsmasters_row cmsmasters_color_scheme_default cmsmasters_row_top_default cmsmasters_row_bot_default cmsmasters_row_fullwidth\">\n<div class=\"cmsmasters_row_outer_parent\">\n<div class=\"cmsmasters_row_outer\">\n<div class=\"cmsmasters_row_inner cmsmasters_row_fullwidth\">\n<div class=\"cmsmasters_row_margin\">\n<div class=\"cmsmasters_column one_half\">\n<p><\/p>\n<\/div>\n<div class=\"cmsmasters_column one_half\">\n<div class=\"custom_css\">\n\n<\/div>\n<div class=\"custom_html\">\n\n<div >\n<p class=\" thinking-icon\"> SOUSCRIPTION <\/p>\n<p class=\"title-style\">COMMENT FONCTIONNE NOTRE PROCESSUS DE SOUSCRIPTION ?<\/p>\n<p class=\"p-style\" >\n<ul class=\"ul-style\">\n<p><img decoding=\"async\" width=10px height=10px src=\"https:\/\/www.bmi.mr\/wp-content\/uploads\/2023\/08\/Group-1928.png\"><\/img> Une demande d\u2019adh\u00e9sion sous r\u00e9serve de validation du comit\u00e9 de cr\u00e9dit\n<\/ul><\/div>\n<\/div>\n<\/div>\n<\/div>\n<\/div>\n<\/div>\n<\/div>\n<\/div>\n<div id=\"cmsmasters_row_69eb7a7114cf06_54493085\" class=\"cmsmasters_row cmsmasters_color_scheme_default cmsmasters_row_top_default cmsmasters_row_bot_default cmsmasters_row_fullwidth\">\n<div class=\"cmsmasters_row_outer_parent\">\n<div class=\"cmsmasters_row_outer\">\n<div class=\"cmsmasters_row_inner cmsmasters_row_fullwidth\">\n<div class=\"cmsmasters_row_margin\">\n<div class=\"cmsmasters_column one_half\">\n<div class=\"custom_css\">\n\n<\/div>\n<div class=\"custom_html\">\n\n<div >\n<p class=\" thinking-icon\"> TARIFICATION <\/p>\n<p class=\"title-style\">COMMENT SONT STRUCTUR\u00c9ES NOS OPTIONS DE TARIFICATION ?<\/p>\n<p class=\"p-style\" >\n<ul class=\"ul-style\">\n<p><img decoding=\"async\" width=10px height=10px src=\"https:\/\/www.bmi.mr\/wp-content\/uploads\/2023\/08\/Group-1928.png\"><\/img> Adh\u00e9sion \u00e0 la souscription 570 MRU TTC<\/p>\n<p><img decoding=\"async\" width=10px height=10px src=\"https:\/\/www.bmi.mr\/wp-content\/uploads\/2023\/08\/Group-1928.png\"><\/img> Mensualit\u00e9 570 931 MRU TTC \/mois\n<\/ul><\/div>\n<\/div>\n<\/div>\n<div class=\"cmsmasters_column one_half\">\n<p><\/p>\n<\/div>\n<\/div>\n<\/div>\n<\/div>\n<\/div>\n<\/div>\n\n","protected":false},"excerpt":{"rendered":"","protected":false},"author":1,"featured_media":0,"parent":0,"menu_order":0,"comment_status":"closed","ping_status":"closed","template":"","meta":{"footnotes":""},"class_list":["post-12878","page","type-page","status-publish","hentry"],"aioseo_notices":[],"_links":{"self":[{"href":"https:\/\/bmi.mr\/fr\/wp-json\/wp\/v2\/pages\/12878","targetHints":{"allow":["GET"]}}],"collection":[{"href":"https:\/\/bmi.mr\/fr\/wp-json\/wp\/v2\/pages"}],"about":[{"href":"https:\/\/bmi.mr\/fr\/wp-json\/wp\/v2\/types\/page"}],"author":[{"embeddable":true,"href":"https:\/\/bmi.mr\/fr\/wp-json\/wp\/v2\/users\/1"}],"replies":[{"embeddable":true,"href":"https:\/\/bmi.mr\/fr\/wp-json\/wp\/v2\/comments?post=12878"}],"version-history":[{"count":11,"href":"https:\/\/bmi.mr\/fr\/wp-json\/wp\/v2\/pages\/12878\/revisions"}],"predecessor-version":[{"id":14603,"href":"https:\/\/bmi.mr\/fr\/wp-json\/wp\/v2\/pages\/12878\/revisions\/14603"}],"wp:attachment":[{"href":"https:\/\/bmi.mr\/fr\/wp-json\/wp\/v2\/media?parent=12878"}],"curies":[{"name":"wp","href":"https:\/\/api.w.org\/{rel}","templated":true}]}}