{"id":12903,"date":"2023-08-13T11:47:22","date_gmt":"2023-08-13T11:47:22","guid":{"rendered":"http:\/\/44.209.174.60\/?page_id=12903"},"modified":"2025-03-16T03:11:17","modified_gmt":"2025-03-16T03:11:17","slug":"sms-banking-entreprises","status":"publish","type":"page","link":"https:\/\/bmi.mr\/fr\/sms-banking-entreprises\/","title":{"rendered":"SMS BANKING Entreprises"},"content":{"rendered":"<style type=\"text\/css\"> \n#cmsmasters_row_69eb7a5e672f03_15147305 { \n\tbackground-image: url(https:\/\/bmi.mr\/wp-content\/uploads\/2023\/08\/Group-269537.jpg); \n\tbackground-position: top left; \n\tbackground-repeat: no-repeat; \n\tbackground-attachment: scroll; \n\tbackground-size: auto; \n} \n\n#cmsmasters_row_69eb7a5e672f03_15147305 .cmsmasters_row_outer_parent { \n\tpadding-top: 50px; \n} \n\n#cmsmasters_row_69eb7a5e672f03_15147305 .cmsmasters_row_outer_parent { \n\tpadding-bottom: 50px; \n} \n\n#cmsmasters_row_69eb7a5e672f03_15147305 .cmsmasters_row_inner.cmsmasters_row_fullwidth { \n\tpadding-left:15%; \n} \n#cmsmasters_row_69eb7a5e672f03_15147305 .cmsmasters_row_inner.cmsmasters_row_fullwidth { \n\tpadding-right:10%; \n} \n\n.subtitle-color{\n color: #f0f0f1;\nfont-family: Montserrat;\nfont-size: 19px;\nfont-style: normal;\nfont-weight: 500;\nline-height: normal;\n}\n.title-style{\n  color: #24894C;\nfont-family: Poppins;\nfont-size: 20px;\nfont-style: normal;\nfont-weight: 600;\nline-height: normal;\nmargin-top: 20px\n}\n.content{\n \n  align-items: center;\n}\n.p-style{\n  color: #000;\nfont-family: Poppins;\nfont-size: 16px;\nfont-style: normal;\nfont-weight: 500;\nline-height: 150%; \/* 36px *\/\n}\n.thinking-icon {\n  width: 158px;\n  height: 40px;\n  left: -9px;\n  padding: 10px;\n  \/\/ bottom: 7px;\n  color: white;\n  background-color: #2F7A35;\n  position: relative;\n}\n.thinking-icon::before {\n  content: \"\";\n  position: absolute;\n  bottom: -13px;\n  left: 0px;\n  border-width: 17px 10px 0;\n  border-left: 0px;\n  border-style: solid;\n  border-color: #2F7A35 transparent;\n  transform: rotate(0deg);\n  display: block;\n  width: 0;\n} \n#cmsmasters_row_69eb7a5e6806a3_87951783 { \n\tbackground-image: url(https:\/\/bmi.mr\/wp-content\/uploads\/2023\/08\/Group-269537.jpg); \n\tbackground-position: top right; \n\tbackground-repeat: no-repeat; \n\tbackground-attachment: scroll; \n\tbackground-size: auto; \n} \n\n#cmsmasters_row_69eb7a5e6806a3_87951783 .cmsmasters_row_outer_parent { \n\tpadding-bottom: 16px; \n} \n\n#cmsmasters_row_69eb7a5e6806a3_87951783 .cmsmasters_row_inner.cmsmasters_row_fullwidth { \n\tpadding-left:15%; \n} \n#cmsmasters_row_69eb7a5e6806a3_87951783 .cmsmasters_row_inner.cmsmasters_row_fullwidth { \n\tpadding-right:10%; \n} \n\n.thinking-icon-1 {\n    width: 172px;\n  height: 40px;\n  left: -9px;\n  padding: 10px;\n  \/\/ bottom: 7px;\n  color: white;\n  background-color: #2F7A35;\n  position: relative;\n}\n.thinking-icon-1::before {\n  content: \"\";\n  position: absolute;\n  bottom: -13px;\n  left: 0px;\n  border-width: 17px 10px 0;\n  border-left: 0px;\n  border-style: solid;\n  border-color: #2F7A35 transparent;\n  transform: rotate(0deg);\n  display: block;\n  width: 0;\n\n}\n.title-style{\n  color: #24894C;\nfont-family: Poppins;\nfont-size: 20px;\nfont-style: normal;\nfont-weight: 600;\nline-height: normal;\nmargin-top: 20px\n} \n#cmsmasters_row_69eb7a5e682138_05359637 { \n\tbackground-image: url(https:\/\/bmi.mr\/wp-content\/uploads\/2023\/08\/Group-269537.jpg); \n\tbackground-position: top left; \n\tbackground-repeat: no-repeat; \n\tbackground-attachment: scroll; \n\tbackground-size: auto; \n} \n\n#cmsmasters_row_69eb7a5e682138_05359637 .cmsmasters_row_outer_parent { \n\tpadding-bottom: 16px; \n} \n\n#cmsmasters_row_69eb7a5e682138_05359637 .cmsmasters_row_inner.cmsmasters_row_fullwidth { \n\tpadding-left:15%; \n} \n#cmsmasters_row_69eb7a5e682138_05359637 .cmsmasters_row_inner.cmsmasters_row_fullwidth { \n\tpadding-right:10%; \n} \n\n.ul-style{\n  color: #000;\nfont-family: Poppins;\nfont-size: 16px;\nfont-style: normal;\nfont-weight: 500;\nline-height: 150%; \/* 36px *\/\n}\n.thinking-icon-2 {\n  width: 172px;\n  height: 40px;\n  left: -9px;\n  padding: 10px;\n  \/\/ bottom: 7px;\n  color: white;\n  background-color: #2F7A35;\n  position: relative;\n}\n.thinking-icon-2::before {\n  content: \"\";\n  position: absolute;\n  bottom: -13px;\n  left: 0px;\n  border-width: 17px 10px 0;\n  border-left: 0px;\n  border-style: solid;\n  border-color: #2F7A35 transparent;\n  transform: rotate(0deg);\n  display: block;\n  width: 0;\n}\n\n\n.thinking-icon-3 {\n  width: 262px;\n  height: 40px;\n  left: -9px;\n  padding: 10px;\n  \/\/ bottom: 7px;\n  color: white;\n  background-color: #2F7A35;\n  position: relative;\n}\n.thinking-icon-3::before {\n  content: \"\";\n  position: absolute;\n  bottom: -13px;\n  left: 0px;\n  border-width: 17px 10px 0;\n  border-left: 0px;\n  border-style: solid;\n  border-color: #2F7A35 transparent;\n  transform: rotate(0deg);\n  display: block;\n  width: 0;\n} \n#cmsmasters_row_69eb7a5e684fc0_45489926 { \n\tbackground-image: url(https:\/\/bmi.mr\/wp-content\/uploads\/2023\/08\/Group-269537.jpg); \n\tbackground-position: top right; \n\tbackground-repeat: no-repeat; \n\tbackground-attachment: scroll; \n\tbackground-size: auto; \n} \n\n#cmsmasters_row_69eb7a5e684fc0_45489926 .cmsmasters_row_outer_parent { \n\tpadding-bottom: 16px; \n} \n\n#cmsmasters_row_69eb7a5e684fc0_45489926 .cmsmasters_row_inner.cmsmasters_row_fullwidth { \n\tpadding-left:15%; \n} \n#cmsmasters_row_69eb7a5e684fc0_45489926 .cmsmasters_row_inner.cmsmasters_row_fullwidth { \n\tpadding-right:10%; \n} \n\n.subtitle-color{\n  color: #f0f0f1;\nfont-family: Montserrat;\nfont-size: 19px;\nfont-style: normal;\nfont-weight: 500;\nline-height: normal;\n}\n.title-style{\n  color: #24894C;\nfont-family: Poppins;\nfont-size: 20px;\nfont-style: normal;\nfont-weight: 600;\nline-height: normal;\n}\n.content{\n \n  align-items: center;\n}\n \n#cmsmasters_row_69eb7a5e686632_08089147 { \n\tbackground-image: url(https:\/\/bmi.mr\/wp-content\/uploads\/2023\/08\/Group-269537.jpg); \n\tbackground-position: top left; \n\tbackground-repeat: no-repeat; \n\tbackground-attachment: scroll; \n\tbackground-size: auto; \n} \n\n#cmsmasters_row_69eb7a5e686632_08089147 .cmsmasters_row_outer_parent { \n\tpadding-bottom: 16px; \n} \n\n#cmsmasters_row_69eb7a5e686632_08089147 .cmsmasters_row_inner.cmsmasters_row_fullwidth { \n\tpadding-left:15%; \n} \n#cmsmasters_row_69eb7a5e686632_08089147 .cmsmasters_row_inner.cmsmasters_row_fullwidth { \n\tpadding-right:10%; \n} \n\n.subtitle-color{\n  color: #f0f0f1;\nfont-family: Montserrat;\nfont-size: 19px;\nfont-style: normal;\nfont-weight: 500;\nline-height: normal;\n}\n.title-style{\n  color: #24894C;\nfont-family: Poppins;\nfont-size: 20px;\nfont-style: normal;\nfont-weight: 600;\nline-height: normal;\n}\n.content{\n \n  align-items: center;\n}\n \n#cmsmasters_row_69eb7a5e687e50_71011477 { \n\tbackground-image: url(https:\/\/bmi.mr\/wp-content\/uploads\/2023\/08\/Group-269537.jpg); \n\tbackground-position: top right; \n\tbackground-repeat: no-repeat; \n\tbackground-attachment: scroll; \n\tbackground-size: auto; \n} \n\n#cmsmasters_row_69eb7a5e687e50_71011477 .cmsmasters_row_outer_parent { \n\tpadding-bottom: 16px; \n} \n\n#cmsmasters_row_69eb7a5e687e50_71011477 .cmsmasters_row_inner.cmsmasters_row_fullwidth { \n\tpadding-left:15%; \n} \n#cmsmasters_row_69eb7a5e687e50_71011477 .cmsmasters_row_inner.cmsmasters_row_fullwidth { \n\tpadding-right:10%; \n} \n\n.subtitle-color{\n  color: #f0f0f1;\nfont-family: Montserrat;\nfont-size: 19px;\nfont-style: normal;\nfont-weight: 500;\nline-height: normal;\n}\n.title-style{\n  color: #24894C;\nfont-family: Poppins;\nfont-size: 20px;\nfont-style: normal;\nfont-weight: 600;\nline-height: normal;\n}\n.content{\n \n  align-items: center;\n}\n<\/style><p><span data-mce-type=\"bookmark\" style=\"display: inline-block; width: 0px; overflow: hidden; line-height: 0;\" class=\"mce_SELRES_start\">\ufeff<\/span><div id=\"cmsmasters_row_69eb7a5e672f03_15147305\" class=\"cmsmasters_row cmsmasters_color_scheme_default cmsmasters_row_top_default cmsmasters_row_bot_default cmsmasters_row_fullwidth\">\n<div class=\"cmsmasters_row_outer_parent\">\n<div class=\"cmsmasters_row_outer\">\n<div class=\"cmsmasters_row_inner cmsmasters_row_fullwidth\">\n<div class=\"cmsmasters_row_margin\">\n<div class=\"cmsmasters_column one_half\">\n<div class=\"cmsmasters_img  cmsmasters_image_n\" data-animation=\"fadeIn\" data-delay=\"0\">\n<img decoding=\"async\" src=\"https:\/\/bmi.mr\/wp-content\/uploads\/2023\/08\/WhatsApp-Image-2023-08-30-at-10.07-300x200.png\" \/>\n<\/div>\n<\/div>\n<div class=\"cmsmasters_column one_half\">\n<div class=\"custom_css\">\n\n<\/div>\n<div class=\"custom_html\">\n\n<div >\n<p class=\"subtitle-color thinking-icon\">SMS BANKING<\/p>\n<p class=\"title-style\">QU\u2019EST-CE QUE LE \u201c SMS-Banking\u201d ?<\/p>\n<p class=\"p-style\" >C\u2019est un service de banque \u00e0 distance qui vous permet de suivre en temps r\u00e9el vos informations bancaires par SMS.<\/p>\n<\/p><\/div>\n<\/div>\n<\/div>\n<\/div>\n<\/div>\n<\/div>\n<\/div>\n<\/div>\n<span data-mce-type=\"bookmark\" style=\"display: inline-block; width: 0px; overflow: hidden; line-height: 0;\" class=\"mce_SELRES_end\">\ufeff<\/span><div id=\"cmsmasters_row_69eb7a5e6806a3_87951783\" class=\"cmsmasters_row cmsmasters_color_scheme_default cmsmasters_row_top_default cmsmasters_row_bot_default cmsmasters_row_fullwidth\">\n<div class=\"cmsmasters_row_outer_parent\">\n<div class=\"cmsmasters_row_outer\">\n<div class=\"cmsmasters_row_inner cmsmasters_row_fullwidth\">\n<div class=\"cmsmasters_row_margin\">\n<div class=\"cmsmasters_column one_half\">\n<\/div>\n<div class=\"cmsmasters_column one_half\">\n<div class=\"custom_css\">\n\n<\/div>\n<div class=\"custom_html\">\n\n<div >\n<p class=\"thinking-icon-1\">CLIENTS ELIGIBLES <\/p>\n<p class=\"title-style\">QUELS CRIT\u00c8RES D\u00c9FINISSENT L'\u00c9LIGIBILIT\u00c9 DE NOS CLIENTS ?<\/p>\n<p class=\"p-style\" >Particuliers du priv\u00e9 et du public, professionnels, profession lib\u00e9ral, Entreprises \u2026.<\/p>\n<\/p><\/div>\n<\/div>\n<\/div>\n<\/div>\n<\/div>\n<\/div>\n<\/div>\n<\/div>\n<div id=\"cmsmasters_row_69eb7a5e682138_05359637\" class=\"cmsmasters_row cmsmasters_color_scheme_default cmsmasters_row_top_default cmsmasters_row_bot_default cmsmasters_row_fullwidth\">\n<div class=\"cmsmasters_row_outer_parent\">\n<div class=\"cmsmasters_row_outer\">\n<div class=\"cmsmasters_row_inner cmsmasters_row_fullwidth\">\n<div class=\"cmsmasters_row_margin\">\n<div class=\"cmsmasters_column one_half\">\n<div class=\"custom_css\">\n\n<\/div>\n<div class=\"custom_html\">\n\n<div >\n<p class=\"thinking-icon-1\">PRODUITS ET SERVICES <\/p>\n<p class=\"title-style\">\"\"QU'OFFRONS-NOUS COMME PRODUITS ET SERVICES ?\"\"<\/p>\n<p class=\"p-style\" > Gr\u00e2ce au service SMS, vous recevez p\u00e9riodiquement le solde de votre compte et les alertes pour toutes vos op\u00e9rations de d\u00e9bit ou cr\u00e9dit.<br \/>\nLe service SMS Banking est disponible sur t\u00e9l\u00e9phone mobile par l\u2019option PUSH :<br \/>\nVous recevez directement sur votre t\u00e9l\u00e9phone mobile les SMS et alertes de toutes vos op\u00e9rations et les informations de disponibilit\u00e9 de vos moyens de paiement.<\/p>\n<\/p><\/div>\n<\/div>\n<\/div>\n<div class=\"cmsmasters_column one_half\">\n<p><\/p>\n<\/div>\n<\/div>\n<\/div>\n<\/div>\n<\/div>\n<\/div>\n<div id=\"cmsmasters_row_69eb7a5e684fc0_45489926\" class=\"cmsmasters_row cmsmasters_color_scheme_default cmsmasters_row_top_default cmsmasters_row_bot_default cmsmasters_row_fullwidth\">\n<div class=\"cmsmasters_row_outer_parent\">\n<div class=\"cmsmasters_row_outer\">\n<div class=\"cmsmasters_row_inner cmsmasters_row_fullwidth\">\n<div class=\"cmsmasters_row_margin\">\n<div class=\"cmsmasters_column one_half\">\n<p><\/p>\n<\/div>\n<div class=\"cmsmasters_column one_half\">\n<div class=\"custom_css\">\n\n<\/div>\n<div class=\"custom_html\">\n\n<div >\n<p class=\" thinking-icon\"> SOUSCRIPTION <\/p>\n<p class=\"title-style\">COMMENT FONCTIONNE NOTRE PROCESSUS DE SOUSCRIPTION <\/p>\n<p class=\"p-style\" >\n<ul class=\"ul-style\">\n<p><img decoding=\"async\" width=10px height=10px src=\"https:\/\/www.bmi.mr\/wp-content\/uploads\/2023\/08\/Group-1928.png\"><\/img> Il faut disposer d\u2019un compte courant.<\/p>\n<p><img decoding=\"async\" width=10px height=10px src=\"https:\/\/www.bmi.mr\/wp-content\/uploads\/2023\/08\/Group-1928.png\"><\/img>  Se munir de la pi\u00e8ce d\u2019identit\u00e9 valide et remplir le formulaire d\u2019adh\u00e9sion disponible dans nos agences BMI.\n<\/ul><\/div>\n<\/div>\n<\/div>\n<\/div>\n<\/div>\n<\/div>\n<\/div>\n<\/div>\n<div id=\"cmsmasters_row_69eb7a5e686632_08089147\" class=\"cmsmasters_row cmsmasters_color_scheme_default cmsmasters_row_top_default cmsmasters_row_bot_default cmsmasters_row_fullwidth\">\n<div class=\"cmsmasters_row_outer_parent\">\n<div class=\"cmsmasters_row_outer\">\n<div class=\"cmsmasters_row_inner cmsmasters_row_fullwidth\">\n<div class=\"cmsmasters_row_margin\">\n<div class=\"cmsmasters_column one_half\">\n<div class=\"custom_css\">\n\n<\/div>\n<div class=\"custom_html\">\n\n<div >\n<p class=\" thinking-icon\"> TARIFICATION <\/p>\n<p class=\"title-style\">\"COMMENT SONT STRUCTUR\u00c9ES NOS OPTIONS DE TARIFICATION ?\"<\/p>\n<p class=\"p-style\" >\n<ul class=\"ul-style\">\n<p><img decoding=\"async\" width=10px height=10px src=\"https:\/\/www.bmi.mr\/wp-content\/uploads\/2023\/08\/Group-1928.png\"><\/img>  Pour les particuliers : 60 MRU\/mois<\/p>\n<p><img decoding=\"async\" width=10px height=10px src=\"https:\/\/www.bmi.mr\/wp-content\/uploads\/2023\/08\/Group-1928.png\"><\/img> Pour les entreprises : 100 MRU\/mois\n<\/ul><\/div>\n<\/div>\n<\/div>\n<div class=\"cmsmasters_column one_half\">\n<p><\/p>\n<\/div>\n<\/div>\n<\/div>\n<\/div>\n<\/div>\n<\/div>\n<div id=\"cmsmasters_row_69eb7a5e687e50_71011477\" class=\"cmsmasters_row cmsmasters_color_scheme_default cmsmasters_row_top_default cmsmasters_row_bot_default cmsmasters_row_fullwidth\">\n<div class=\"cmsmasters_row_outer_parent\">\n<div class=\"cmsmasters_row_outer\">\n<div class=\"cmsmasters_row_inner cmsmasters_row_fullwidth\">\n<div class=\"cmsmasters_row_margin\">\n<div class=\"cmsmasters_column one_half\">\n<p><\/p>\n<\/div>\n<div class=\"cmsmasters_column one_half\">\n<div class=\"custom_css\">\n\n<\/div>\n<div class=\"custom_html\">\n\n<div >\n<p class=\" thinking-icon\"> AVANTAGES<\/p>\n<p class=\"title-style\">QU'ELS SONT LES AVANTAGES DE CHOISIR NOS SERVICES <\/p>\n<p class=\"p-style\" >\n<ul class=\"ul-style\">\n<p><img decoding=\"async\" width=10px height=10px src=\"https:\/\/www.bmi.mr\/wp-content\/uploads\/2023\/08\/Group-1928.png\"><\/img>  Connaitre tout mouvement sur son compte<\/p>\n<\/ul><\/div>\n<\/div>\n<\/div>\n<\/div>\n<\/div>\n<\/div>\n<\/div>\n<\/div>\n\n","protected":false},"excerpt":{"rendered":"<p>\ufeff\ufeff<\/p>\n","protected":false},"author":1,"featured_media":0,"parent":0,"menu_order":0,"comment_status":"closed","ping_status":"closed","template":"","meta":{"footnotes":""},"class_list":["post-12903","page","type-page","status-publish","hentry"],"aioseo_notices":[],"_links":{"self":[{"href":"https:\/\/bmi.mr\/fr\/wp-json\/wp\/v2\/pages\/12903","targetHints":{"allow":["GET"]}}],"collection":[{"href":"https:\/\/bmi.mr\/fr\/wp-json\/wp\/v2\/pages"}],"about":[{"href":"https:\/\/bmi.mr\/fr\/wp-json\/wp\/v2\/types\/page"}],"author":[{"embeddable":true,"href":"https:\/\/bmi.mr\/fr\/wp-json\/wp\/v2\/users\/1"}],"replies":[{"embeddable":true,"href":"https:\/\/bmi.mr\/fr\/wp-json\/wp\/v2\/comments?post=12903"}],"version-history":[{"count":7,"href":"https:\/\/bmi.mr\/fr\/wp-json\/wp\/v2\/pages\/12903\/revisions"}],"predecessor-version":[{"id":19010,"href":"https:\/\/bmi.mr\/fr\/wp-json\/wp\/v2\/pages\/12903\/revisions\/19010"}],"wp:attachment":[{"href":"https:\/\/bmi.mr\/fr\/wp-json\/wp\/v2\/media?parent=12903"}],"curies":[{"name":"wp","href":"https:\/\/api.w.org\/{rel}","templated":true}]}}