{"id":14086,"date":"2023-08-22T10:27:59","date_gmt":"2023-08-22T10:27:59","guid":{"rendered":"https:\/\/44.209.174.60\/?page_id=14086"},"modified":"2023-08-26T11:31:37","modified_gmt":"2023-08-26T11:31:37","slug":"produits-de-financements-enterprise","status":"publish","type":"page","link":"https:\/\/bmi.mr\/fr\/produits-de-financements-enterprise\/","title":{"rendered":"PRODUITS DE FINANCEMENTS-Enterprise"},"content":{"rendered":"<style type=\"text\/css\"> \n#cmsmasters_row_69eb6a0ba68e28_07933743 .cmsmasters_row_outer_parent { \n\tpadding-top: 0px; \n} \n\n#cmsmasters_row_69eb6a0ba68e28_07933743 .cmsmasters_row_outer_parent { \n\tpadding-bottom: 50px; \n} \n\n\n.subtitle-color-1{\n color: #f0f0f1;\nfont-family: Poppins;\nfont-size: 19px;\nfont-style: normal;\nfont-weight: 600;\nline-height: normal;\nmargin-top: 80px;\nmargin-left: 20px;\nmargin-right: 20px;\n}\n.content{\n  align-items: center;\n}\n.p-style{\n  color: #000;\nfont-family: Poppins;\nfont-size: 18px;\nfont-style: normal;\nfont-weight: 500;\nline-height: 150%; \/* 36px *\/\n}\n.thinking-icon {\n  width: 410px;\n  height: 40px;\n  padding: 6px;\n  left: -62px;\n  \/\/ bottom: 7px;\n  color: white;\n  background-color: #2F7A35;\n  position: relative;\n}\n.thinking-icon::before {\n  content: \"\";\n  position: absolute;\n  bottom: -13px;\n  left: 0px;\n  border-width: 17px 10px 0;\n  border-left: 0px;\n  border-style: solid;\n  border-color: #2F7A35 transparent;\n  transform: rotate(0deg);\n  display: block;\n  width: 0;\n}\n \n#cmsmasters_row_69eb6a0ba6a731_77093240 .cmsmasters_row_outer_parent { \n\tpadding-top: 0px; \n} \n\n#cmsmasters_row_69eb6a0ba6a731_77093240 .cmsmasters_row_outer_parent { \n\tpadding-bottom: 50px; \n} \n\n \n#cmsmasters_row_69eb6a0ba6aea8_12988114 .cmsmasters_row_outer_parent { \n\tpadding-top: 0px; \n} \n\n#cmsmasters_row_69eb6a0ba6aea8_12988114 .cmsmasters_row_outer_parent { \n\tpadding-bottom: 50px; \n} \n\n\n.thinking-icon1 {\n  width: 110px;\n  height: 40px;\n  padding: 6px;\n \n  color: white;\n  background-color: #2F7A35;\n  position: relative;\n}\n.thinking-icon1::before {\n  content: \"\";\n  position: absolute;\n  bottom: -13px;\n  left: 0px;\n  border-width: 17px 10px 0;\n  border-left: 0px;\n  border-style: solid;\n  border-color: #2F7A35 transparent;\n  transform: rotate(0deg);\n  display: block;\n  width: 0;\n}\n\n\n.subtitle-color-2{\n color: #f0f0f1;\nfont-family: Poppins;\nfont-size: 19px;\nfont-style: normal;\nfont-weight: 600;\nline-height: normal;\n\n} \n#cmsmasters_row_69eb6a0ba6c172_63934521 .cmsmasters_row_outer_parent { \n\tpadding-top: 0px; \n} \n\n#cmsmasters_row_69eb6a0ba6c172_63934521 .cmsmasters_row_outer_parent { \n\tpadding-bottom: 50px; \n} \n\n \n#cmsmasters_row_69eb6a0ba6c9b4_47811711 .cmsmasters_row_outer_parent { \n\tpadding-top: 0px; \n} \n\n#cmsmasters_row_69eb6a0ba6c9b4_47811711 .cmsmasters_row_outer_parent { \n\tpadding-bottom: 50px; \n} \n\n#cmsmasters_row_69eb6a0ba6c9b4_47811711 .cmsmasters_row_inner.cmsmasters_row_fullwidth { \n\tpadding-left:20%; \n} \n#cmsmasters_row_69eb6a0ba6c9b4_47811711 .cmsmasters_row_inner.cmsmasters_row_fullwidth { \n\tpadding-right:15%; \n} \n \n#cmsmasters_icon_box_69eb6a0ba6eab4_06740122 { \n\tborder-width:0px; \n\tbackground-color:#ffffff;\n} \n\n#cmsmasters_icon_box_69eb6a0ba6eab4_06740122:before, \n#cmsmasters_icon_box_69eb6a0ba6eab4_06740122 .icon_box_heading:before { \n\tfont-size:0px; \n\tline-height:20px; \n\twidth:20px; \n\theight:20px; \n\tborder-width:0px; \n\tbackground-color:#ffffff;\n} \n\n#cmsmasters_icon_box_69eb6a0ba6eab4_06740122.cmsmasters_icon_heading_left, \n#cmsmasters_icon_box_69eb6a0ba6eab4_06740122.cmsmasters_icon_top, \n#cmsmasters_icon_box_69eb6a0ba6eab4_06740122.cmsmasters_icon_box_left_top { \n\tpadding:30px 20px; } \n\n#cmsmasters_icon_box_69eb6a0ba6eab4_06740122.cmsmasters_icon_top:before { \n\ttop:30px;} \n\n#cmsmasters_icon_box_69eb6a0ba6eab4_06740122.cmsmasters_icon_box_left, \n#cmsmasters_icon_box_69eb6a0ba6eab4_06740122.cmsmasters_icon_box_left_top { \n\tpadding-left:40px; \n\tmargin-left:10px; \n\t} \n\n#cmsmasters_icon_box_69eb6a0ba6eab4_06740122.cmsmasters_icon_box_left:before, \n#cmsmasters_icon_box_69eb6a0ba6eab4_06740122.cmsmasters_icon_box_left_top:before { \n\tleft:-10px; \n\t} \n\n#cmsmasters_icon_box_69eb6a0ba6eab4_06740122.cmsmasters_icon_box_left:before { \n\tmargin-top:-10px; \n\t} \n\n#cmsmasters_icon_box_69eb6a0ba6eab4_06740122:before { \n\tbackground-image:url(https:\/\/bmi.mr\/wp-content\/uploads\/2023\/08\/Group-1928.png); \n} \n \n#cmsmasters_icon_box_69eb6a0ba755d3_00842176 { \n\tborder-width:0px; \n\tbackground-color:#ffffff;\n} \n\n#cmsmasters_icon_box_69eb6a0ba755d3_00842176:before, \n#cmsmasters_icon_box_69eb6a0ba755d3_00842176 .icon_box_heading:before { \n\tfont-size:0px; \n\tline-height:20px; \n\twidth:20px; \n\theight:20px; \n\tborder-width:0px; \n\tbackground-color:#ffffff;\n} \n\n#cmsmasters_icon_box_69eb6a0ba755d3_00842176.cmsmasters_icon_heading_left, \n#cmsmasters_icon_box_69eb6a0ba755d3_00842176.cmsmasters_icon_top, \n#cmsmasters_icon_box_69eb6a0ba755d3_00842176.cmsmasters_icon_box_left_top { \n\tpadding:30px 20px; } \n\n#cmsmasters_icon_box_69eb6a0ba755d3_00842176.cmsmasters_icon_top:before { \n\ttop:30px;} \n\n#cmsmasters_icon_box_69eb6a0ba755d3_00842176.cmsmasters_icon_box_left, \n#cmsmasters_icon_box_69eb6a0ba755d3_00842176.cmsmasters_icon_box_left_top { \n\tpadding-left:40px; \n\tmargin-left:10px; \n\t} \n\n#cmsmasters_icon_box_69eb6a0ba755d3_00842176.cmsmasters_icon_box_left:before, \n#cmsmasters_icon_box_69eb6a0ba755d3_00842176.cmsmasters_icon_box_left_top:before { \n\tleft:-10px; \n\t} \n\n#cmsmasters_icon_box_69eb6a0ba755d3_00842176.cmsmasters_icon_box_left:before { \n\tmargin-top:-10px; \n\t} \n\n#cmsmasters_icon_box_69eb6a0ba755d3_00842176:before { \n\tbackground-image:url(https:\/\/bmi.mr\/wp-content\/uploads\/2023\/08\/Group-1928.png); \n} \n \n#cmsmasters_icon_box_69eb6a0ba764c2_89841228 { \n\tborder-width:0px; \n\tbackground-color:#ffffff;\n} \n\n#cmsmasters_icon_box_69eb6a0ba764c2_89841228:before, \n#cmsmasters_icon_box_69eb6a0ba764c2_89841228 .icon_box_heading:before { \n\tfont-size:0px; \n\tline-height:20px; \n\twidth:20px; \n\theight:20px; \n\tborder-width:0px; \n\tbackground-color:#ffffff;\n} \n\n#cmsmasters_icon_box_69eb6a0ba764c2_89841228.cmsmasters_icon_heading_left, \n#cmsmasters_icon_box_69eb6a0ba764c2_89841228.cmsmasters_icon_top, \n#cmsmasters_icon_box_69eb6a0ba764c2_89841228.cmsmasters_icon_box_left_top { \n\tpadding:30px 20px; } \n\n#cmsmasters_icon_box_69eb6a0ba764c2_89841228.cmsmasters_icon_top:before { \n\ttop:30px;} \n\n#cmsmasters_icon_box_69eb6a0ba764c2_89841228.cmsmasters_icon_box_left, \n#cmsmasters_icon_box_69eb6a0ba764c2_89841228.cmsmasters_icon_box_left_top { \n\tpadding-left:40px; \n\tmargin-left:10px; \n\t} \n\n#cmsmasters_icon_box_69eb6a0ba764c2_89841228.cmsmasters_icon_box_left:before, \n#cmsmasters_icon_box_69eb6a0ba764c2_89841228.cmsmasters_icon_box_left_top:before { \n\tleft:-10px; \n\t} \n\n#cmsmasters_icon_box_69eb6a0ba764c2_89841228.cmsmasters_icon_box_left:before { \n\tmargin-top:-10px; \n\t} \n\n#cmsmasters_icon_box_69eb6a0ba764c2_89841228:before { \n\tbackground-image:url(https:\/\/bmi.mr\/wp-content\/uploads\/2023\/08\/Group-1928.png); \n} \n \n#cmsmasters_icon_box_69eb6a0ba76e00_97823504 { \n\tborder-width:0px; \n\tbackground-color:#ffffff;\n} \n\n#cmsmasters_icon_box_69eb6a0ba76e00_97823504:before, \n#cmsmasters_icon_box_69eb6a0ba76e00_97823504 .icon_box_heading:before { \n\tfont-size:0px; \n\tline-height:20px; \n\twidth:20px; \n\theight:20px; \n\tborder-width:0px; \n\tbackground-color:#ffffff;\n} \n\n#cmsmasters_icon_box_69eb6a0ba76e00_97823504.cmsmasters_icon_heading_left, \n#cmsmasters_icon_box_69eb6a0ba76e00_97823504.cmsmasters_icon_top, \n#cmsmasters_icon_box_69eb6a0ba76e00_97823504.cmsmasters_icon_box_left_top { \n\tpadding:30px 20px; } \n\n#cmsmasters_icon_box_69eb6a0ba76e00_97823504.cmsmasters_icon_top:before { \n\ttop:30px;} \n\n#cmsmasters_icon_box_69eb6a0ba76e00_97823504.cmsmasters_icon_box_left, \n#cmsmasters_icon_box_69eb6a0ba76e00_97823504.cmsmasters_icon_box_left_top { \n\tpadding-left:40px; \n\tmargin-left:10px; \n\t} \n\n#cmsmasters_icon_box_69eb6a0ba76e00_97823504.cmsmasters_icon_box_left:before, \n#cmsmasters_icon_box_69eb6a0ba76e00_97823504.cmsmasters_icon_box_left_top:before { \n\tleft:-10px; \n\t} \n\n#cmsmasters_icon_box_69eb6a0ba76e00_97823504.cmsmasters_icon_box_left:before { \n\tmargin-top:-10px; \n\t} \n\n#cmsmasters_icon_box_69eb6a0ba76e00_97823504:before { \n\tbackground-image:url(https:\/\/bmi.mr\/wp-content\/uploads\/2023\/08\/Group-1928.png); \n} \n \n#cmsmasters_icon_box_69eb6a0ba77734_30167354 { \n\tborder-width:0px; \n\tbackground-color:#ffffff;\n} \n\n#cmsmasters_icon_box_69eb6a0ba77734_30167354:before, \n#cmsmasters_icon_box_69eb6a0ba77734_30167354 .icon_box_heading:before { \n\tfont-size:0px; \n\tline-height:20px; \n\twidth:20px; \n\theight:20px; \n\tborder-width:0px; \n\tbackground-color:#ffffff;\n} \n\n#cmsmasters_icon_box_69eb6a0ba77734_30167354.cmsmasters_icon_heading_left, \n#cmsmasters_icon_box_69eb6a0ba77734_30167354.cmsmasters_icon_top, \n#cmsmasters_icon_box_69eb6a0ba77734_30167354.cmsmasters_icon_box_left_top { \n\tpadding:30px 20px; } \n\n#cmsmasters_icon_box_69eb6a0ba77734_30167354.cmsmasters_icon_top:before { \n\ttop:30px;} \n\n#cmsmasters_icon_box_69eb6a0ba77734_30167354.cmsmasters_icon_box_left, \n#cmsmasters_icon_box_69eb6a0ba77734_30167354.cmsmasters_icon_box_left_top { \n\tpadding-left:40px; \n\tmargin-left:10px; \n\t} \n\n#cmsmasters_icon_box_69eb6a0ba77734_30167354.cmsmasters_icon_box_left:before, \n#cmsmasters_icon_box_69eb6a0ba77734_30167354.cmsmasters_icon_box_left_top:before { \n\tleft:-10px; \n\t} \n\n#cmsmasters_icon_box_69eb6a0ba77734_30167354.cmsmasters_icon_box_left:before { \n\tmargin-top:-10px; \n\t} \n\n#cmsmasters_icon_box_69eb6a0ba77734_30167354:before { \n\tbackground-image:url(https:\/\/bmi.mr\/wp-content\/uploads\/2023\/08\/Group-1928.png); \n} \n \n#cmsmasters_icon_box_69eb6a0ba78472_36680878 { \n\tborder-width:0px; \n\tbackground-color:#ffffff;\n} \n\n#cmsmasters_icon_box_69eb6a0ba78472_36680878:before, \n#cmsmasters_icon_box_69eb6a0ba78472_36680878 .icon_box_heading:before { \n\tfont-size:0px; \n\tline-height:20px; \n\twidth:20px; \n\theight:20px; \n\tborder-width:0px; \n\tbackground-color:#ffffff;\n} \n\n#cmsmasters_icon_box_69eb6a0ba78472_36680878.cmsmasters_icon_heading_left, \n#cmsmasters_icon_box_69eb6a0ba78472_36680878.cmsmasters_icon_top, \n#cmsmasters_icon_box_69eb6a0ba78472_36680878.cmsmasters_icon_box_left_top { \n\tpadding:30px 20px; } \n\n#cmsmasters_icon_box_69eb6a0ba78472_36680878.cmsmasters_icon_top:before { \n\ttop:30px;} \n\n#cmsmasters_icon_box_69eb6a0ba78472_36680878.cmsmasters_icon_box_left, \n#cmsmasters_icon_box_69eb6a0ba78472_36680878.cmsmasters_icon_box_left_top { \n\tpadding-left:40px; \n\tmargin-left:10px; \n\t} \n\n#cmsmasters_icon_box_69eb6a0ba78472_36680878.cmsmasters_icon_box_left:before, \n#cmsmasters_icon_box_69eb6a0ba78472_36680878.cmsmasters_icon_box_left_top:before { \n\tleft:-10px; \n\t} \n\n#cmsmasters_icon_box_69eb6a0ba78472_36680878.cmsmasters_icon_box_left:before { \n\tmargin-top:-10px; \n\t} \n\n#cmsmasters_icon_box_69eb6a0ba78472_36680878:before { \n\tbackground-image:url(https:\/\/bmi.mr\/wp-content\/uploads\/2023\/08\/Group-1928.png); \n} \n \n#cmsmasters_icon_box_69eb6a0ba78ff7_42022061 { \n\tborder-width:0px; \n\tbackground-color:#ffffff;\n} \n\n#cmsmasters_icon_box_69eb6a0ba78ff7_42022061:before, \n#cmsmasters_icon_box_69eb6a0ba78ff7_42022061 .icon_box_heading:before { \n\tfont-size:0px; \n\tline-height:20px; \n\twidth:20px; \n\theight:20px; \n\tborder-width:0px; \n\tbackground-color:#ffffff;\n} \n\n#cmsmasters_icon_box_69eb6a0ba78ff7_42022061.cmsmasters_icon_heading_left, \n#cmsmasters_icon_box_69eb6a0ba78ff7_42022061.cmsmasters_icon_top, \n#cmsmasters_icon_box_69eb6a0ba78ff7_42022061.cmsmasters_icon_box_left_top { \n\tpadding:30px 20px; } \n\n#cmsmasters_icon_box_69eb6a0ba78ff7_42022061.cmsmasters_icon_top:before { \n\ttop:30px;} \n\n#cmsmasters_icon_box_69eb6a0ba78ff7_42022061.cmsmasters_icon_box_left, \n#cmsmasters_icon_box_69eb6a0ba78ff7_42022061.cmsmasters_icon_box_left_top { \n\tpadding-left:40px; \n\tmargin-left:10px; \n\t} \n\n#cmsmasters_icon_box_69eb6a0ba78ff7_42022061.cmsmasters_icon_box_left:before, \n#cmsmasters_icon_box_69eb6a0ba78ff7_42022061.cmsmasters_icon_box_left_top:before { \n\tleft:-10px; \n\t} \n\n#cmsmasters_icon_box_69eb6a0ba78ff7_42022061.cmsmasters_icon_box_left:before { \n\tmargin-top:-10px; \n\t} \n\n#cmsmasters_icon_box_69eb6a0ba78ff7_42022061:before { \n\tbackground-image:url(https:\/\/bmi.mr\/wp-content\/uploads\/2023\/08\/Group-1928.png); \n} \n \n#cmsmasters_row_69eb6a0ba7a067_53322714 .cmsmasters_row_outer_parent { \n\tpadding-top: 0px; \n} \n\n#cmsmasters_row_69eb6a0ba7a067_53322714 .cmsmasters_row_outer_parent { \n\tpadding-bottom: 50px; \n} \n\n<\/style><div id=\"cmsmasters_row_69eb6a0ba68e28_07933743\" class=\"cmsmasters_row cmsmasters_color_scheme_default cmsmasters_row_top_default cmsmasters_row_bot_default cmsmasters_row_boxed\">\n<div class=\"cmsmasters_row_outer_parent\">\n<div class=\"cmsmasters_row_outer\">\n<div class=\"cmsmasters_row_inner\">\n<div class=\"cmsmasters_row_margin\">\n<div class=\"cmsmasters_column one_first\">\n<div class=\"custom_html\">\n<p><center> <\/p>\n<p class=\"subtitle-color-1 thinking-icon\"> Convention de financement BEI-BMI <\/p>\n<p><\/center><\/p>\n<\/div>\n<div class=\"custom_css\">\n\n<\/div>\n<div class=\"custom_html\">\n<div style=\"margin-top:80px; color: #000;font-family: Poppins;font-size: 16px;font-style: normal;font-weight: 500;line-height: 200%;\">\n<span style=\"font-weight: bold;\">La Banque Mauritanienne d\u2019Investissement (BMI) et la Banque Europ\u00e9enne d\u2019Investissement (BEI)<\/span> ont sign\u00e9 une convention de financement pour un montant de 20 millions d\u2019euros, Il s\u2019agit de la premi\u00e8re coop\u00e9ration de la Banque europ\u00e9enne d\u2019investissement (BEI) avec le secteur financier mauritanien depuis 2006.\n<\/div>\n<\/div>\n<div class=\"custom_html\">\n<div style=\"margin-top:40px;margin-bottom:80px;color: #000;font-family: Poppins;font-size: 16px;font-style: normal;font-weight: 500;line-height: 200%;\">\nLe montant total en principal des cr\u00e9dits vis\u00e9s au Consid\u00e9rant sera consacr\u00e9 \u00e0 hauteur de trente pour cent 30% au moins au financement d\u2019entreprises d\u00e9tenues, g\u00e9r\u00e9es, employant ou servant principalement des femmes, (30%) au moins au financement d\u2019entreprises dirig\u00e9es et\/ou fond\u00e9es par un jeune entrepreneur, employant au moins 40 % de jeunes, ou ayant mis en place une politique et un engagement \u00e0 mettre en \u0153uvre un programme de formation et de qualification des jeunes.\n<\/div>\n<\/div>\n<\/div>\n<\/div>\n<\/div>\n<\/div>\n<\/div>\n<\/div>\n<div id=\"cmsmasters_row_69eb6a0ba6a731_77093240\" class=\"cmsmasters_row cmsmasters_color_scheme_default cmsmasters_row_top_default cmsmasters_row_bot_default cmsmasters_row_boxed\">\n<div class=\"cmsmasters_row_outer_parent\">\n<div class=\"cmsmasters_row_outer\">\n<div class=\"cmsmasters_row_inner\">\n<div class=\"cmsmasters_row_margin\">\n<div class=\"cmsmasters_column one_first\">\n<div class=\"custom_html\">\n<div style=\"color: #000;font-family: Poppins;font-style: normal;font-weight: 500;line-height: 200%;\">\n<center><\/p>\n<p style=\"font-weight: bold;margin-bottom:0px;font-size: 24px\">Les b\u00e9n\u00e9ficiaires \u00e9ligibles:<\/p>\n<p><span style=\"font-weight: bold;font-size: 18px; \">Dur\u00e9e :<\/span> 2 \u00e0 10 ans<\/p>\n<p><\/center>\n<\/div>\n<\/div>\n<\/div>\n<\/div>\n<\/div>\n<\/div>\n<\/div>\n<\/div>\n<div id=\"cmsmasters_row_69eb6a0ba6aea8_12988114\" class=\"cmsmasters_row cmsmasters_color_scheme_default cmsmasters_row_top_default cmsmasters_row_bot_default cmsmasters_row_boxed\">\n<div class=\"cmsmasters_row_outer_parent\">\n<div class=\"cmsmasters_row_outer\">\n<div class=\"cmsmasters_row_inner\">\n<div class=\"cmsmasters_row_margin\">\n<div class=\"cmsmasters_column one_third\">\n<div class=\"custom_html\">\n<p class=\"subtitle-color-2 thinking-icon1\" style=\"text-align:center\"> \u00ab PME \u00bb <\/p>\n<\/div>\n<div class=\"custom_html\">\n<div style=\"margin-top:40px;margin-bottom:80px;color: #000;font-family: Poppins;font-size: 16px;font-style: normal;font-weight: 500;line-height: 200%;\">\n(\u00ab PME \u00bb), Petites et Moyennes Entreprises, c\u2019est-\u00e0-dire des entreprises comptant moins de 250 salari\u00e9s (\u00e9quivalents temps plein) ou des entreprises de taille interm\u00e9diaire.\n<\/div>\n<\/div>\n<div class=\"custom_css\">\n\n<\/div>\n<\/div>\n<div class=\"cmsmasters_column one_third\">\n<\/div>\n<div class=\"cmsmasters_column one_third\">\n<div class=\"custom_html\">\n<p class=\"subtitle-color-2 thinking-icon1\"  style=\"text-align:center\"> \u00ab ETI \u00bb <\/p>\n<\/div>\n<div class=\"custom_html\">\n<div style=\"margin-top:40px;margin-bottom:80px;color: #000;font-family: Poppins;font-size: 16px;font-style: normal;font-weight: 500;line-height: 200%;\">\n(\u00ab ETI \u00bb), Entreprises de taille interm\u00e9diaires, c\u2019est-\u00e0-dire des entreprises qui emploient au moins 250 salari\u00e9s mais dont l\u2019effectif reste inf\u00e9rieur \u00e0 3 000 personnes (\u00e9quivalents temps plein).\n<\/div>\n<\/div>\n<\/div>\n<\/div>\n<\/div>\n<\/div>\n<\/div>\n<\/div>\n<div id=\"cmsmasters_row_69eb6a0ba6c172_63934521\" class=\"cmsmasters_row cmsmasters_color_scheme_default cmsmasters_row_top_default cmsmasters_row_bot_default cmsmasters_row_boxed\">\n<div class=\"cmsmasters_row_outer_parent\">\n<div class=\"cmsmasters_row_outer\">\n<div class=\"cmsmasters_row_inner\">\n<div class=\"cmsmasters_row_margin\">\n<div class=\"cmsmasters_column one_first\">\n<div class=\"custom_html\">\n<div style=\"color: #000;font-family: Poppins;font-style: normal;line-height: 200%;\">\n<p style=\"font-weight: bold;font-size: 18px\">Tout b\u00e9n\u00e9ficiaire participant \u00e0 une quelconque des activit\u00e9s suivantes n\u2019est pas \u00e9ligible \u00e0 un financement de la BEI:<\/p>\n<\/div>\n<\/div>\n<\/div>\n<\/div>\n<\/div>\n<\/div>\n<\/div>\n<\/div>\n<div id=\"cmsmasters_row_69eb6a0ba6c9b4_47811711\" class=\"cmsmasters_row cmsmasters_color_scheme_default cmsmasters_row_top_default cmsmasters_row_bot_default cmsmasters_row_fullwidth\">\n<div class=\"cmsmasters_row_outer_parent\">\n<div class=\"cmsmasters_row_outer\">\n<div class=\"cmsmasters_row_inner cmsmasters_row_fullwidth\">\n<div class=\"cmsmasters_row_margin\">\n<div class=\"cmsmasters_column one_first\">\n\n<div id=\"cmsmasters_icon_box_69eb6a0ba6eab4_06740122\" class=\"cmsmasters_icon_box cmsmasters_icon_box_left box_icon_type_image \">\n<div class=\"icon_box_inner\">\n<div class=\"icon_box_text\">\n<h6><\/h6>\n<h6>les activit\u00e9s visant la production d\u2019armements, armes et munitions , les \u00e9quipements ou infrastructures militaires ou policiers et le mat\u00e9riel ou les infrastructures de nature \u00e0 limiter les droits individuels et la libert\u00e9 des personnes (prisons et centres de d\u00e9tention de toutes sortes) ou encore \u00e0 porter atteinte aux droits humains<\/h6>\n<\/div>\n<\/div>\n<\/div>\n\n<div id=\"cmsmasters_icon_box_69eb6a0ba755d3_00842176\" class=\"cmsmasters_icon_box cmsmasters_icon_box_left box_icon_type_image \">\n<div class=\"icon_box_inner\">\n<div class=\"icon_box_text\">\n<p>&nbsp;<\/p>\n<h6>les activit\u00e9s entra\u00eenant des nuisances environnementales qui ne sont pas largement att\u00e9nu\u00e9es et (ou) compens\u00e9es (y compris \u2013 mais sans s\u2019y limiter \u2013 les projets touchant des zones prot\u00e9g\u00e9es, des habitats essentiels et des sites class\u00e9s) ;<\/h6>\n<\/div>\n<\/div>\n<\/div>\n\n<div id=\"cmsmasters_icon_box_69eb6a0ba764c2_89841228\" class=\"cmsmasters_icon_box cmsmasters_icon_box_left box_icon_type_image \">\n<div class=\"icon_box_inner\">\n<div class=\"icon_box_text\">\n<p>&nbsp;<\/p>\n<h6>les activit\u00e9s consid\u00e9r\u00e9es comme pr\u00eatant \u00e0 controverse d\u2019un point de vue \u00e9thique ou moral. Exemples : commerce du sexe et infrastructures, services et m\u00e9dias connexes, exp\u00e9rimentation animale, recherche sur le clonage des \u00eatres humains ;<\/h6>\n<\/div>\n<\/div>\n<\/div>\n\n<div id=\"cmsmasters_icon_box_69eb6a0ba76e00_97823504\" class=\"cmsmasters_icon_box cmsmasters_icon_box_left box_icon_type_image \">\n<div class=\"icon_box_inner\">\n<div class=\"icon_box_text\">\n<p>&nbsp;<\/p>\n<h6>les activit\u00e9s non autoris\u00e9es par la l\u00e9gislation nationale (uniquement lorsqu\u2019une telle l\u00e9gislation est en vigueur). Exemples : cliniques d\u2019avortement, etc.<\/h6>\n<\/div>\n<\/div>\n<\/div>\n\n<div id=\"cmsmasters_icon_box_69eb6a0ba77734_30167354\" class=\"cmsmasters_icon_box cmsmasters_icon_box_left box_icon_type_image \">\n<div class=\"icon_box_inner\">\n<div class=\"icon_box_text\">\n<p>&nbsp;<\/p>\n<h6>les activit\u00e9s visant la fabrication ou la vente de marchandises faisant l\u2019objet d\u2019un acte portant atteinte \u00e0 une marque ou une indication g\u00e9ographique des \u00ab marchandises de contrefa\u00e7on \u00bb dans l\u2019UE) ;<\/h6>\n<\/div>\n<\/div>\n<\/div>\n\n<div id=\"cmsmasters_icon_box_69eb6a0ba78472_36680878\" class=\"cmsmasters_icon_box cmsmasters_icon_box_left box_icon_type_image \">\n<div class=\"icon_box_inner\">\n<div class=\"icon_box_text\">\n<p>&nbsp;<\/p>\n<h6>les activit\u00e9s impliquant la r\u00e9installation de personnes. Ind\u00e9pendamment de l\u2019\u00e9ligibilit\u00e9 d\u2019un code NACE li\u00e9 \u00e0 l\u2019activit\u00e9 principale, tout b\u00e9n\u00e9ficiaire final dont plus de 10 % du chiffre d\u2019affaires annuel proviennent des activit\u00e9s suivantes n\u2019est pas \u00e9ligible \u00e0 un financement de la BEI :<\/h6>\n<\/div>\n<\/div>\n<\/div>\n\n<div id=\"cmsmasters_icon_box_69eb6a0ba78ff7_42022061\" class=\"cmsmasters_icon_box cmsmasters_icon_box_left box_icon_type_image \">\n<div class=\"icon_box_inner\">\n<div class=\"icon_box_text\">\n<p>&nbsp;<\/p>\n<h6>les activit\u00e9s visant la production d\u2019\u00e9quipements en rapport avec les jeux de hasard ou celles de nature \u00e0 les faciliter les activit\u00e9s visant la production, la fabrication, la transformation ou la distribution sp\u00e9cialis\u00e9e de tabac, ainsi que celles de nature \u00e0 faciliter la consommation de tabac (\u00ab fumoirs \u00bb par exemple).<\/h6>\n<\/div>\n<\/div>\n<\/div>\n<\/div>\n<\/div>\n<\/div>\n<\/div>\n<\/div>\n<\/div>\n<div id=\"cmsmasters_row_69eb6a0ba7a067_53322714\" class=\"cmsmasters_row cmsmasters_color_scheme_default cmsmasters_row_top_default cmsmasters_row_bot_default cmsmasters_row_boxed\">\n<div class=\"cmsmasters_row_outer_parent\">\n<div class=\"cmsmasters_row_outer\">\n<div class=\"cmsmasters_row_inner\">\n<div class=\"cmsmasters_row_margin\">\n<div class=\"cmsmasters_column one_first\">\n<div class=\"custom_html\">\n<div style=\"color: #000;font-family: Poppins;font-style: normal;line-height: 200%;font-weight: 500;\">\n<p style=\"font-size: 16px\">Le financement de l\u2019achat de terrains est exclu sauf s\u2019il est, pour des raisons techniques, essentiel \u00e0 l\u2019investissement; l\u2019acquisition de terres agricoles est toujours exclue ; b) l\u2019achat de survaleur, des permis ou des droits d\u2019exploitation de ressources min\u00e9rales et des droits de production dans le secteur agricole.<br \/>\n<br \/>\nLes entreprises int\u00e9ress\u00e9es par cette initiative peuvent nous contacter au courriel suivant :<br \/>\n<br \/>\nfinancements@bmi.mr<\/p>\n<\/p>\n<\/div>\n<\/div>\n<\/div>\n<\/div>\n<\/div>\n<\/div>\n<\/div>\n<\/div>\n\n","protected":false},"excerpt":{"rendered":"","protected":false},"author":11,"featured_media":0,"parent":0,"menu_order":0,"comment_status":"closed","ping_status":"closed","template":"","meta":{"footnotes":""},"class_list":["post-14086","page","type-page","status-publish","hentry"],"aioseo_notices":[],"_links":{"self":[{"href":"https:\/\/bmi.mr\/fr\/wp-json\/wp\/v2\/pages\/14086","targetHints":{"allow":["GET"]}}],"collection":[{"href":"https:\/\/bmi.mr\/fr\/wp-json\/wp\/v2\/pages"}],"about":[{"href":"https:\/\/bmi.mr\/fr\/wp-json\/wp\/v2\/types\/page"}],"author":[{"embeddable":true,"href":"https:\/\/bmi.mr\/fr\/wp-json\/wp\/v2\/users\/11"}],"replies":[{"embeddable":true,"href":"https:\/\/bmi.mr\/fr\/wp-json\/wp\/v2\/comments?post=14086"}],"version-history":[{"count":108,"href":"https:\/\/bmi.mr\/fr\/wp-json\/wp\/v2\/pages\/14086\/revisions"}],"predecessor-version":[{"id":14512,"href":"https:\/\/bmi.mr\/fr\/wp-json\/wp\/v2\/pages\/14086\/revisions\/14512"}],"wp:attachment":[{"href":"https:\/\/bmi.mr\/fr\/wp-json\/wp\/v2\/media?parent=14086"}],"curies":[{"name":"wp","href":"https:\/\/api.w.org\/{rel}","templated":true}]}}