{"id":14266,"date":"2023-08-23T11:21:27","date_gmt":"2023-08-23T11:21:27","guid":{"rendered":"https:\/\/44.209.174.60\/?page_id=14266"},"modified":"2023-08-26T12:07:05","modified_gmt":"2023-08-26T12:07:05","slug":"sedad-services-interface","status":"publish","type":"page","link":"https:\/\/bmi.mr\/fr\/sedad-services-interface\/","title":{"rendered":"SEDAD &#8211; Services Interface"},"content":{"rendered":"<style type=\"text\/css\"> \n#cmsmasters_row_69eb6a0d0e11e9_33105397 .cmsmasters_row_outer_parent { \n\tpadding-top: 20px; \n} \n\n#cmsmasters_row_69eb6a0d0e11e9_33105397 .cmsmasters_row_outer_parent { \n\tpadding-bottom: 0px; \n} \n\n\n.thinking-icon-3 {\n  width: 127px;\n  height: 34px;\n  padding: 6px;\n  left: -126px;\n  bottom: 17px;\n  color: white;\n  background-color: #2F7A35;\n  position: relative;\n}\n.thinking-icon-3::before {\n  content: \"\";\n  position: absolute;\n  bottom: -13px;\n  left: 0px;\n  border-width: 17px 10px 0;\n  border-left: 0px;\n  border-style: solid;\n  border-color: #2F7A35 transparent;\n  transform: rotate(0deg);\n  display: block;\n  width: 0;\n} \n#cmsmasters_heading_69eb6a0d0e498 { \n\ttext-align:center; \n\tmargin-top:0px; \n\tmargin-bottom:20px; \n} \n\n#cmsmasters_heading_69eb6a0d0e498 .cmsmasters_heading { \n\ttext-align:center; \n} \n\n#cmsmasters_heading_69eb6a0d0e498 .cmsmasters_heading, #cmsmasters_heading_69eb6a0d0e498 .cmsmasters_heading a { \n\tfont-family:'Poppins'; \n\tfont-weight:bold; \n\tfont-style:normal; \n\tcolor:#2f7a35;\n} \n\n#cmsmasters_heading_69eb6a0d0e498 .cmsmasters_heading_divider { \n} \n\n \n#cmsmasters_row_69eb6a0d0e7df9_16714077 .cmsmasters_row_outer_parent { \n\tpadding-top: 0px; \n} \n\n#cmsmasters_row_69eb6a0d0e7df9_16714077 .cmsmasters_row_outer_parent { \n\tpadding-bottom: 0px; \n} \n\n \n#cmsmasters_icon_box_69eb6a0d0e99a8_95862288 { \n\tborder-width:0px; \n} \n\n#cmsmasters_icon_box_69eb6a0d0e99a8_95862288:before, \n#cmsmasters_icon_box_69eb6a0d0e99a8_95862288 .icon_box_heading:before { \n\tfont-size:100px; \n\tline-height:170px; \n\twidth:170px; \n\theight:170px; \n\tborder-width:0px; \n} \n\n#cmsmasters_icon_box_69eb6a0d0e99a8_95862288 { \n\tpadding-top:200px; } \n\n#cmsmasters_icon_box_69eb6a0d0e99a8_95862288:before, \n#cmsmasters_icon_box_69eb6a0d0e99a8_95862288 .icon_box_heading:before { \n\tmargin-left:-85px; \n\t} \n\n#cmsmasters_icon_box_69eb6a0d0e99a8_95862288.cmsmasters_icon_top { \n\tpadding-top:230px; \n\t} \n\n#cmsmasters_icon_box_69eb6a0d0e99a8_95862288:before { \n\tbackground-image:url(https:\/\/bmi.mr\/wp-content\/uploads\/2023\/08\/1-1-1.png); \n} \n \n#cmsmasters_icon_box_69eb6a0d0f00e9_95444909 { \n\tborder-width:0px; \n} \n\n#cmsmasters_icon_box_69eb6a0d0f00e9_95444909:before, \n#cmsmasters_icon_box_69eb6a0d0f00e9_95444909 .icon_box_heading:before { \n\tfont-size:100px; \n\tline-height:170px; \n\twidth:170px; \n\theight:170px; \n\tborder-width:0px; \n} \n\n#cmsmasters_icon_box_69eb6a0d0f00e9_95444909 { \n\tpadding-top:200px; } \n\n#cmsmasters_icon_box_69eb6a0d0f00e9_95444909:before, \n#cmsmasters_icon_box_69eb6a0d0f00e9_95444909 .icon_box_heading:before { \n\tmargin-left:-85px; \n\t} \n\n#cmsmasters_icon_box_69eb6a0d0f00e9_95444909.cmsmasters_icon_top { \n\tpadding-top:230px; \n\t} \n\n#cmsmasters_icon_box_69eb6a0d0f00e9_95444909:before { \n\tbackground-image:url(https:\/\/bmi.mr\/wp-content\/uploads\/2023\/08\/2-1-1.png); \n} \n \n#cmsmasters_icon_box_69eb6a0d0f5667_43770032 { \n\tborder-width:0px; \n} \n\n#cmsmasters_icon_box_69eb6a0d0f5667_43770032:before, \n#cmsmasters_icon_box_69eb6a0d0f5667_43770032 .icon_box_heading:before { \n\tfont-size:100px; \n\tline-height:170px; \n\twidth:170px; \n\theight:170px; \n\tborder-width:0px; \n} \n\n#cmsmasters_icon_box_69eb6a0d0f5667_43770032 { \n\tpadding-top:200px; } \n\n#cmsmasters_icon_box_69eb6a0d0f5667_43770032:before, \n#cmsmasters_icon_box_69eb6a0d0f5667_43770032 .icon_box_heading:before { \n\tmargin-left:-85px; \n\t} \n\n#cmsmasters_icon_box_69eb6a0d0f5667_43770032.cmsmasters_icon_top { \n\tpadding-top:230px; \n\t} \n\n#cmsmasters_icon_box_69eb6a0d0f5667_43770032:before { \n\tbackground-image:url(https:\/\/bmi.mr\/wp-content\/uploads\/2023\/08\/3-1-2.png); \n} \n \n#cmsmasters_row_69eb6a0d0f9a47_78412302 .cmsmasters_row_outer_parent { \n\tpadding-top: 0px; \n} \n\n#cmsmasters_row_69eb6a0d0f9a47_78412302 .cmsmasters_row_outer_parent { \n\tpadding-bottom: 50px; \n} \n\n \n#cmsmasters_icon_box_69eb6a0d0fa293_47719540 { \n\tborder-width:0px; \n} \n\n#cmsmasters_icon_box_69eb6a0d0fa293_47719540:before, \n#cmsmasters_icon_box_69eb6a0d0fa293_47719540 .icon_box_heading:before { \n\tfont-size:100px; \n\tline-height:170px; \n\twidth:170px; \n\theight:170px; \n\tborder-width:0px; \n} \n\n#cmsmasters_icon_box_69eb6a0d0fa293_47719540 { \n\tpadding-top:200px; } \n\n#cmsmasters_icon_box_69eb6a0d0fa293_47719540:before, \n#cmsmasters_icon_box_69eb6a0d0fa293_47719540 .icon_box_heading:before { \n\tmargin-left:-85px; \n\t} \n\n#cmsmasters_icon_box_69eb6a0d0fa293_47719540.cmsmasters_icon_top { \n\tpadding-top:230px; \n\t} \n\n#cmsmasters_icon_box_69eb6a0d0fa293_47719540:before { \n\tbackground-image:url(https:\/\/bmi.mr\/wp-content\/uploads\/2023\/08\/4-1-1.png); \n} \n \n#cmsmasters_icon_box_69eb6a0d0fec94_57831844 { \n\tborder-width:0px; \n} \n\n#cmsmasters_icon_box_69eb6a0d0fec94_57831844:before, \n#cmsmasters_icon_box_69eb6a0d0fec94_57831844 .icon_box_heading:before { \n\tfont-size:100px; \n\tline-height:170px; \n\twidth:170px; \n\theight:170px; \n\tborder-width:0px; \n} \n\n#cmsmasters_icon_box_69eb6a0d0fec94_57831844 { \n\tpadding-top:200px; } \n\n#cmsmasters_icon_box_69eb6a0d0fec94_57831844:before, \n#cmsmasters_icon_box_69eb6a0d0fec94_57831844 .icon_box_heading:before { \n\tmargin-left:-85px; \n\t} \n\n#cmsmasters_icon_box_69eb6a0d0fec94_57831844.cmsmasters_icon_top { \n\tpadding-top:230px; \n\t} \n\n#cmsmasters_icon_box_69eb6a0d0fec94_57831844:before { \n\tbackground-image:url(https:\/\/bmi.mr\/wp-content\/uploads\/2023\/08\/5-1-1.png); \n} \n \n#cmsmasters_icon_box_69eb6a0d1037d1_65413888 { \n\tborder-width:0px; \n} \n\n#cmsmasters_icon_box_69eb6a0d1037d1_65413888:before, \n#cmsmasters_icon_box_69eb6a0d1037d1_65413888 .icon_box_heading:before { \n\tfont-size:100px; \n\tline-height:170px; \n\twidth:170px; \n\theight:170px; \n\tborder-width:0px; \n} \n\n#cmsmasters_icon_box_69eb6a0d1037d1_65413888 { \n\tpadding-top:200px; } \n\n#cmsmasters_icon_box_69eb6a0d1037d1_65413888:before, \n#cmsmasters_icon_box_69eb6a0d1037d1_65413888 .icon_box_heading:before { \n\tmargin-left:-85px; \n\t} \n\n#cmsmasters_icon_box_69eb6a0d1037d1_65413888.cmsmasters_icon_top { \n\tpadding-top:230px; \n\t} \n\n#cmsmasters_icon_box_69eb6a0d1037d1_65413888:before { \n\tbackground-image:url(https:\/\/bmi.mr\/wp-content\/uploads\/2023\/08\/6.png); \n} \n<\/style><div id=\"cmsmasters_row_69eb6a0d0e11e9_33105397\" class=\"cmsmasters_row cmsmasters_color_scheme_default cmsmasters_row_top_default cmsmasters_row_bot_default cmsmasters_row_boxed\">\n<div class=\"cmsmasters_row_outer_parent\">\n<div class=\"cmsmasters_row_outer\">\n<div class=\"cmsmasters_row_inner\">\n<div class=\"cmsmasters_row_margin\">\n<div class=\"cmsmasters_column one_first\">\n<div class=\"custom_css\">\n\n<\/div>\n\n<div id=\"cmsmasters_heading_69eb6a0d0e498\" class=\"cmsmasters_heading_wrap cmsmasters_heading_align_center\">\n\t<h2 class=\"cmsmasters_heading\">QU\u2019EST-CE QUE JE PEUX FAIRE AVEC SEDAD?<\/h2>\n<\/div>\n<\/div>\n<\/div>\n<\/div>\n<\/div>\n<\/div>\n<\/div>\n<div id=\"cmsmasters_row_69eb6a0d0e7df9_16714077\" class=\"cmsmasters_row cmsmasters_color_scheme_default cmsmasters_row_top_default cmsmasters_row_bot_default cmsmasters_row_boxed\">\n<div class=\"cmsmasters_row_outer_parent\">\n<div class=\"cmsmasters_row_outer\">\n<div class=\"cmsmasters_row_inner\">\n<div class=\"cmsmasters_row_margin\">\n<div class=\"cmsmasters_column one_third\">\n\n<div id=\"cmsmasters_icon_box_69eb6a0d0e99a8_95862288\" class=\"cmsmasters_icon_box cmsmasters_icon_top box_icon_type_image \">\n<div class=\"icon_box_inner\">\n<h4 class=\"icon_box_heading\"> Transfer<\/h4>\n<div class=\"icon_box_text\">\n<p style=\"text-align: left;\">Transf\u00e9rer de l\u2019argent gratuitement vers le compte SEDAD d\u2019un proche, un tiers ou d\u2019un groupe rapidement et en toute s\u00e9curit\u00e9.<\/p>\n<\/div>\n<\/div>\n<\/div>\n<\/div>\n<div class=\"cmsmasters_column one_third\">\n\n<div id=\"cmsmasters_icon_box_69eb6a0d0f00e9_95444909\" class=\"cmsmasters_icon_box cmsmasters_icon_top box_icon_type_image \">\n<div class=\"icon_box_inner\">\n<h4 class=\"icon_box_heading\">Paiements<\/h4>\n<div class=\"icon_box_text\">\n<p style=\"text-align: left;\">Payer vos courses gratuitement avec SEDAD en toute s\u00e9curit\u00e9 chez un commerce disposant d\u2019un compte SEDAD.<\/p>\n<\/div>\n<\/div>\n<\/div>\n<\/div>\n<div class=\"cmsmasters_column one_third\">\n\n<div id=\"cmsmasters_icon_box_69eb6a0d0f5667_43770032\" class=\"cmsmasters_icon_box cmsmasters_icon_top box_icon_type_image \">\n<div class=\"icon_box_inner\">\n<h4 class=\"icon_box_heading\">Recharge t\u00e9l\u00e9phonique<\/h4>\n<div class=\"icon_box_text\">\n<p style=\"text-align: left;\">Plus besoin de vous d\u00e9placer, rechargez gratuitement du cr\u00e9dit t\u00e9l\u00e9phonique de n\u2019importe quel op\u00e9rateur.<\/p>\n<\/div>\n<\/div>\n<\/div>\n<\/div>\n<\/div>\n<\/div>\n<\/div>\n<\/div>\n<\/div>\n<div id=\"cmsmasters_row_69eb6a0d0f9a47_78412302\" class=\"cmsmasters_row cmsmasters_color_scheme_default cmsmasters_row_top_default cmsmasters_row_bot_default cmsmasters_row_boxed\">\n<div class=\"cmsmasters_row_outer_parent\">\n<div class=\"cmsmasters_row_outer\">\n<div class=\"cmsmasters_row_inner\">\n<div class=\"cmsmasters_row_margin\">\n<div class=\"cmsmasters_column one_third\">\n\n<div id=\"cmsmasters_icon_box_69eb6a0d0fa293_47719540\" class=\"cmsmasters_icon_box cmsmasters_icon_top box_icon_type_image \">\n<div class=\"icon_box_inner\">\n<h4 class=\"icon_box_heading\">Retraits d\u2032argent<\/h4>\n<div class=\"icon_box_text\">\n<p style=\"text-align: left;\">Retirer de l&#8217;argent \u00e0 partir de n&#8217;importe quelle agence du r\u00e9seau SEDAD OU de la BMI.<\/p>\n<\/div>\n<\/div>\n<\/div>\n<\/div>\n<div class=\"cmsmasters_column one_third\">\n\n<div id=\"cmsmasters_icon_box_69eb6a0d0fec94_57831844\" class=\"cmsmasters_icon_box cmsmasters_icon_top box_icon_type_image \">\n<div class=\"icon_box_inner\">\n<h4 class=\"icon_box_heading\">E-Commerce<\/h4>\n<div class=\"icon_box_text\">\n<p style=\"text-align: left;\">Acheter ou Commander sans frais en toute s\u00e9curit\u00e9 via internet avec votre compte SEDAD.<\/p>\n<\/div>\n<\/div>\n<\/div>\n<\/div>\n<div class=\"cmsmasters_column one_third\">\n\n<div id=\"cmsmasters_icon_box_69eb6a0d1037d1_65413888\" class=\"cmsmasters_icon_box cmsmasters_icon_top box_icon_type_image \">\n<div class=\"icon_box_inner\">\n<h4 class=\"icon_box_heading\">Paiement de factures<\/h4>\n<div class=\"icon_box_text\">\n<p style=\"text-align: left;\">Transf\u00e9rer de l\u2019argent gratuitement vers le compte SEDAD d\u2019un proche, un tiers ou d\u2019un groupe rapidement et en toute s\u00e9curit\u00e9.<\/p>\n<\/div>\n<\/div>\n<\/div>\n<\/div>\n<\/div>\n<\/div>\n<\/div>\n<\/div>\n<\/div>\n\n","protected":false},"excerpt":{"rendered":"","protected":false},"author":11,"featured_media":0,"parent":0,"menu_order":0,"comment_status":"closed","ping_status":"closed","template":"","meta":{"footnotes":""},"class_list":["post-14266","page","type-page","status-publish","hentry"],"aioseo_notices":[],"_links":{"self":[{"href":"https:\/\/bmi.mr\/fr\/wp-json\/wp\/v2\/pages\/14266","targetHints":{"allow":["GET"]}}],"collection":[{"href":"https:\/\/bmi.mr\/fr\/wp-json\/wp\/v2\/pages"}],"about":[{"href":"https:\/\/bmi.mr\/fr\/wp-json\/wp\/v2\/types\/page"}],"author":[{"embeddable":true,"href":"https:\/\/bmi.mr\/fr\/wp-json\/wp\/v2\/users\/11"}],"replies":[{"embeddable":true,"href":"https:\/\/bmi.mr\/fr\/wp-json\/wp\/v2\/comments?post=14266"}],"version-history":[{"count":6,"href":"https:\/\/bmi.mr\/fr\/wp-json\/wp\/v2\/pages\/14266\/revisions"}],"predecessor-version":[{"id":14386,"href":"https:\/\/bmi.mr\/fr\/wp-json\/wp\/v2\/pages\/14266\/revisions\/14386"}],"wp:attachment":[{"href":"https:\/\/bmi.mr\/fr\/wp-json\/wp\/v2\/media?parent=14266"}],"curies":[{"name":"wp","href":"https:\/\/api.w.org\/{rel}","templated":true}]}}