{"id":14754,"date":"2024-05-16T08:17:55","date_gmt":"2024-05-16T08:17:55","guid":{"rendered":"https:\/\/bmi.mr\/?page_id=14754"},"modified":"2025-05-16T09:00:47","modified_gmt":"2025-05-16T09:00:47","slug":"sedad_privacy-2","status":"publish","type":"page","link":"https:\/\/bmi.mr\/fr\/sedad_privacy-2\/","title":{"rendered":"Conditions G\u00e9n\u00e9rales d&#8217;Utilisation de Mobile Banking \u00ab Sedad Bank\u00bb"},"content":{"rendered":"<style type=\"text\/css\"><\/style><p><strong>Article 1. Pr\u00e9ambule<\/strong><\/p>\n<p>Banque Mauritanienne de l\u2019Investissement (BMI), est une soci\u00e9t\u00e9 anonyme au capital de 1 500 000 000 MRU &#8211; Si\u00e8ge social, SOCOGIMTEVRAGH-ZEINA ZR24 &#8211; Nouakchott Mauritanie. Elle met \u00e0 disposition de ses clients le produit mobile banking appel\u00e9 \u00ab Sedad Bank\u00bb qui fait l&#8217;objet des pr\u00e9sentes Conditions G\u00e9n\u00e9rales,<\/p>\n<p><strong>Article 2. D\u00e9finitions<\/strong><\/p>\n<p>\u00ab La Banque \u00bb : d\u00e9signe Banque Mauritanienne de l\u2019Investissement. \u00ab Conditions G\u00e9n\u00e9rales \u00bb d\u00e9signe le pr\u00e9sent document. \u00ab Client \u00bb : d\u00e9signe toute personne titulaire d&#8217;un compte bancaire ouvert \u00e0 la Banque Mauritanienne de l\u2019Investissement ayant souscrit au service mobile banking de la Banque. \u00ab Service \u00bb d\u00e9signe le service mobile banking \u00abSedad Bank \u00bb. \u00abSedad Bank\u00bb : la solution de mobile banking de la Banque Mauritanienne de l\u2019Investissement qui permet une ouverture de compte \u00e0 distance et la r\u00e9alisation d&#8217;un ensemble d&#8217;op\u00e9rations bancaires.<\/p>\n<p>\u00ab Code \u00e0 usage unique \u00bb : d\u00e9signe un authentifiant r\u00e9pondant aux crit\u00e8res des s\u00e9curit\u00e9 instaur\u00e9s par la Banque Mauritanienne de l\u2019Investissement et destin\u00e9 \u00e0 s\u00e9curiser l&#8217;op\u00e9ration pour laquelle il a \u00e9t\u00e9 g\u00e9n\u00e9r\u00e9. Ce code ne peut \u00eatre utilis\u00e9 qu&#8217;une fois.<\/p>\n<p>\u00ab Code d&#8217;acc\u00e8s : d\u00e9signe indiff\u00e9remment l&#8217;identifiant et le mot de passe ainsi que tout autre code ou cl\u00e9 r\u00e9pondant aux crit\u00e8res de s\u00e9curit\u00e9 instaur\u00e9s par la soci\u00e9t\u00e9 Banque Mauritanienne de l\u2019Investissement SA et ayant pour objet d&#8217;identifier et d&#8217;authentifier l&#8217;utilisateur pour les besoins de son acc\u00e8s \u00e0 son espace personnel.<\/p>\n<p>\u00abEspace personnel \u00bb: environnement accessible, par le biais des codes d&#8217;acc\u00e8s via l&#8217;application, aux utilisateurs titulaires de comptes bancaires ouverts aupr\u00e8s de la Banque Mauritanienne de l\u2019Investissement SA, ayant choisi b\u00e9n\u00e9ficier des services de Sedad Bank.<\/p>\n<p><strong>Article 3. Objet<\/strong><\/p>\n<p>Les pr\u00e9sentes Conditions G\u00e9n\u00e9rales ont pour objet de d\u00e9finir les conditions d&#8217;utilisation et d&#8217;acc\u00e8s du produit Sedad Bank, conform\u00e9ment aux dispositions de la r\u00e9glementation en vigueur.<\/p>\n<p><strong>Article 4. Modalit\u00e9s d&#8217;acc\u00e8s<\/strong><\/p>\n<p>Le Client ne peut b\u00e9n\u00e9ficier des services qui lui sont propos\u00e9s que sous r\u00e9serve de son acceptation des pr\u00e9sentes Conditions G\u00e9n\u00e9rales et apr\u00e8s la validation de son num\u00e9ro de t\u00e9l\u00e9phone personnel et de son Num\u00e9ro National d&#8217;Identification(NNI) qui permet de l&#8217;identifier conform\u00e9ment \u00e0 la l\u00e9gislation en vigueur.<\/p>\n<p>L&#8217;acc\u00e8s au Service n\u00e9cessite que le Client ait accept\u00e9, au pr\u00e9alable, les pr\u00e9sentes Conditions g\u00e9n\u00e9rales d&#8217;utilisation ainsi que leurs \u00e9volutions \u00e9ventuelles. Un Compte est ouvert dans les livres de la soci\u00e9t\u00e9 Banque Mauritanienne de l\u2019Investissement SA apr\u00e8s acceptation des pr\u00e9sentes Conditions G\u00e9n\u00e9rales.<\/p>\n<p>La Banque se r\u00e9serve le droit de compl\u00e9ter ou de modifier, \u00e0 tout moment, ses Services en fonction de l&#8217;\u00e9volution de la technologie et de la r\u00e9glementation en vigueur.<\/p>\n<p>Le Client d\u00e9clare avoir obtenu de la part de la Banque Mauritanienne de l\u2019Investissement toutes les informations n\u00e9cessaires quant aux services propos\u00e9s et adh\u00e8re sans r\u00e9serve aux pr\u00e9sentes Conditions G\u00e9n\u00e9rales. La Banque ne saurait \u00eatre tenue pour responsable de l&#8217;impossibilit\u00e9 d&#8217;acc\u00e9der au service.<\/p>\n<p>L&#8217;acc\u00e8s au Service est \u00e9galement li\u00e9 \u00e0 la compl\u00e9tude du dossier de connaissance du client(KYC):les Clients qui ont ouvert leurs comptes \u00e0 distance peuvent effectuer les transactions propos\u00e9es dans le cadre du Service \u00abSedad Bank\u00bb dans la limite des plafonds d\u00e9finis par la Banque.<\/p>\n<p>Afin d&#8217;acc\u00e9der \u00e0 l&#8217;ensemble des services \u00ab Sedad Bank \u00bb sans limitation de plafonds, les clients ayant ouverts des comptes \u00e0 distance doivent se pr\u00e9senter aux guichets d&#8217;une des agences de la Banque ou \u00e0 l&#8217;un de ses agents afin de s&#8217;identifier, pr\u00e9senter leurs pi\u00e8ces d&#8217;identit\u00e9, fournir quelques informations exig\u00e9es par la r\u00e9glementation en vigueur et signer une convention d&#8217;ouverture de compte. La Banque se r\u00e9serve le droit de modifier, \u00e0 tout moment, les plafonds d\u00e9finis dans le cadre du Service.<\/p>\n<p><strong>Article 5. Fonctionnement.<\/strong><\/p>\n<p>Le compte doit accuser un solde cr\u00e9diteur permettant les retraits, paiements et transferts (frais compris) dans la limite du solde disponible. En application de la r\u00e9glementation en vigueur, la Banque ne conserve les documents comptables relatifs aux op\u00e9rations enregistr\u00e9es sur le compte que pendant 10 ans.<\/p>\n<p>Le Service est li\u00e9 \u00e0 un num\u00e9ro de t\u00e9l\u00e9phone et un appareil unique, identifi\u00e9s lors de l&#8217;entr\u00e9e en relation. Tout changement d&#8217;appareil doit \u00eatre pr\u00e9alablement valid\u00e9 par un code \u00e0 usage unique avant l&#8217;ex\u00e9cution de toute nouvelle transaction.<\/p>\n<p>Le changement du num\u00e9ro de t\u00e9l\u00e9phone requiert l&#8217;acc\u00e8s au num\u00e9ro de t\u00e9l\u00e9phone initial sur lequel un code de confirmation sera transmis par SMS.<\/p>\n<p><strong>Article 6. Opposabilit\u00e9<\/strong><\/p>\n<p>Les pr\u00e9sentes Conditions G\u00e9n\u00e9rales sont opposables au Client d\u00e8s leur acceptation, mat\u00e9rialis\u00e9e par la validation \u00e9lectronique via l&#8217;application mobile.<\/p>\n<p>La Banque se r\u00e9serve le droit d&#8217;apporter aux pr\u00e9sentes Conditions G\u00e9n\u00e9rales toutes les modifications qu&#8217;elle juge n\u00e9cessaires et\/ou utiles. Elle se r\u00e9serve \u00e9galement la possibilit\u00e9 de modifier en tout ou partie le document afin de l&#8217;adapter, notamment, aux \u00e9volutions de son exploitation, et\/ou \u00e0 l&#8217;\u00e9volution de la l\u00e9gislation et\/ou aux \u00e9volutions des services propos\u00e9s. Les pr\u00e9sentes Conditions G\u00e9n\u00e9rales sont opposables pendant toute la dur\u00e9e d&#8217;utilisation du produit et jusqu&#8217;\u00e0 ce que de nouvelles conditions g\u00e9n\u00e9rales d&#8217;utilisation remplacent les pr\u00e9sentes.<\/p>\n<p>La Banque communiquera au client les nouvelles conditions g\u00e9n\u00e9rales d&#8217;utilisation par tout moyen, et ce, d\u00e8s leur date d&#8217;entr\u00e9e en vigueur.<\/p>\n<p>Les Conditions G\u00e9n\u00e9rales figurant en ligne sur le site www.Rimchash.mr pr\u00e9valent sur toute version imprim\u00e9e de date ant\u00e9rieure.<\/p>\n<p><strong>Article 7. Saisie \u2013 Arr\u00eat<\/strong><\/p>\n<p>Le compte du client peut \u00eatre bloqu\u00e9 par voie de saisie-arr\u00eat ou saisie conservatoire notifi\u00e9es \u00e0 la Banque par exploit d&#8217;huissier ou par voie d&#8217;avis au tiers d\u00e9tenteur (ATD) notifi\u00e9 par le Tr\u00e9sor Public pour les cr\u00e9ances fiscales. Dans ces cas de figure, la Banque a l&#8217;obligation d&#8217;informer le Client pour lui permettre de contester la mesure de saisie ou d\u2019ATD et \u00e9ventuellement obtenir une mainlev\u00e9e. A d\u00e9faut d&#8217;une mainlev\u00e9e signifi\u00e9e \u00e0 la Banque dans les 8 jours suivant les formes de la notification de la saisie ou de l\u2019ATD, la Banque est oblig\u00e9e \u00e0 se conformer aux prescriptions aux actes de saisie et\/ou d\u2019ATD.<\/p>\n<p><strong>Article 8. Lutte contre le blanchiment d&#8217;argent<\/strong><\/p>\n<p>Le Client reconna\u00eet \u00eatre inform\u00e9 qu&#8217;en raison des dispositions p\u00e9nales sp\u00e9cifiques au blanchiment des capitaux provenant du trafic de stup\u00e9fiants ou au blanchiment du produit de tout crime ou d\u00e9lit. La Banque peut demander des informations relatives aux objectifs et conditions de r\u00e9alisation de toute op\u00e9ration qui lui semblerait inhabituelle en raison notamment de son montant et de ses modalit\u00e9s ou de son caract\u00e8re exceptionnel. La Banque est autoris\u00e9e \u00e0 d\u00e9noncer les op\u00e9rations douteuses aux autorit\u00e9s comp\u00e9tentes.<\/p>\n<p>Article 9. Transactions<\/p>\n<p>La souscription au Service Mobile Banking permet au Client de : \uf0a7 Effectuer, \u00e0 partir de son compte \u00abSedad Bank\u00bb, des virements bancaires vers des comptes Banque Mauritanienne de l\u2019Investissement et des comptes d&#8217;autres banques install\u00e9es en Mauritanie. \uf0a7 Effectuer des mises \u00e0 disposition de fonds au profit de b\u00e9n\u00e9ficiaires au niveau des agences de la Banque, de ses GAB et de son r\u00e9seau d&#8217;agents. \uf0a7 Effectuer des retraits d&#8217;esp\u00e8ces au niveau des agences de la Banque, de ses GAB et de son r\u00e9seau d&#8217;agents. \uf0a7 Effectuer des versements d&#8217;esp\u00e8ces sur le compte ouvert \u00e0 la Banque au niveau des agences de la Banque et de son r\u00e9seau d&#8217;agents. \uf0a7 R\u00e9gler des factures fournisseurs (SNDE\/SOMELEC) et commer\u00e7ants. \uf0a7 Acheter des recharges t\u00e9l\u00e9phoniques. \uf0a7 Consulter le solde de son compte \u00e0 la Banque Mauritanienne de l\u2019Investissement. \uf0a7 Obtenir un relev\u00e9 bancaire reprenant les derni\u00e8res op\u00e9rations. .<\/p>\n<p><strong>Article 10. Bonne foi<\/strong><\/p>\n<p>Les parties conviennent d&#8217;ex\u00e9cuter leurs obligations avec une parfaite bonne foi.<\/p>\n<p><strong>Article 11. Responsabilit\u00e9s<\/strong><\/p>\n<p>Sachant qu&#8217;aucune op\u00e9ration ne peut \u00eatre r\u00e9alis\u00e9e sur l&#8217;application en l&#8217;absence de connexion avec l&#8217;identifiant et le mot de passe du client, puis apr\u00e8s validation, en seconde \u00e9tape, de cette op\u00e9ration par une nouvelle saisie du m\u00eame mot de passe, \u00e0 titre de confirmation.<\/p>\n<p>Les identifiants, mot de passe et Code \u00e0 usage unique et, en g\u00e9n\u00e9ral, tout autre Code d&#8217;acc\u00e8s sont strictement personnels et confidentiels. Le Client est seul responsable de la pr\u00e9servation et de la confidentialit\u00e9 de son identifiant, de son Code d&#8217;acc\u00e8s et de son Code \u00e0 usage unique et, par cons\u00e9quent, des cons\u00e9quences d&#8217;une divulgation volontaire ou involontaire \u00e0 l&#8217;\u00e9gard de toute personne tierce.<\/p>\n<p>Le client est le seul responsable de toute op\u00e9ration ex\u00e9cut\u00e9e \u00e0 partir de son espace personnel, en utilisant son identifiant, son mot de passe ou son code \u00e0 usage unique. Toute utilisation de l&#8217;espace personnel et, en cons\u00e9quence, toute op\u00e9ration r\u00e9alis\u00e9e \u00e0 partir de cet espace, par l&#8217;usage de l&#8217;identifiant, du mot de passe ou du Code \u00e0 usage unique attribu\u00e9s au Client est pr\u00e9sum\u00e9e \u00eatre ex\u00e9cut\u00e9e par ce dernier et sous sa seule responsabilit\u00e9. Il assume, seul l&#8217;enti\u00e8re responsabilit\u00e9 d&#8217;erreurs de manipulation par ses soins ou de divulgation par ses soins de ses mots de passe et codes \u00e0 des tiers et il d\u00e9clare qu&#8217;il d\u00e9charge express\u00e9ment la banque de toute responsabilit\u00e9 \u00e0 cet \u00e9gard.<\/p>\n<p>Le Client a l&#8217;obligation de notifier \u00e0 la Banque, sans d\u00e9lai, toute compromission de la confidentialit\u00e9 de son identifiant et\/ou de son mot de passe ou toute utilisation dont il aurait connaissance de ses donn\u00e9es confidentielles par un tiers.<\/p>\n<p>La Banque se r\u00e9serve le droit de suspendre l&#8217;acc\u00e8s au Service Sedad Bank n\u00e9cessitant l&#8217;identification du Client si elle rel\u00e8ve des faits laissant pr\u00e9sumer une utilisation frauduleuse ou une tentative d&#8217;utilisation frauduleuse de ses services ou que le Client a communiqu\u00e9 des informations inexactes se rapportant \u00e0 son identit\u00e9. Elle en informe aussit\u00f4t le Client, par tout moyen \u00e0 sa convenance, ce qui est express\u00e9ment accept\u00e9 par ce dernier.<\/p>\n<p>Le Client est \u00e9galement responsable des informations qu&#8217;il fournit \u00e0 distance, \u00e0 la Banque. La banque se r\u00e9serve le droit d&#8217;entamer toute proc\u00e9dure judiciaire \u00e0 l&#8217;encontre du Client dans le cas o\u00f9 celui-ci fournit de fausses d\u00e9clarations pour l&#8217;acc\u00e8s \u00e0 ses services.<\/p>\n<p><strong>Article 12. Propri\u00e9t\u00e9 intellectuelle<\/strong><\/p>\n<p>Les pr\u00e9sentes Conditions G\u00e9n\u00e9rales n&#8217;emportent aucune cession d&#8217;aucune sorte de droits de propri\u00e9t\u00e9 intellectuelle sur les \u00e9l\u00e9ments appartenant \u00e0 La Banque au b\u00e9n\u00e9fice du Client.<\/p>\n<p>Le Site, les marques, les dessins, les mod\u00e8les, les images, les textes, les photos, les logos, les chartes graphiques, les logiciels, les moteurs de recherche, les bases de donn\u00e9es et les noms de domaine, sans que cette liste ne soit exhaustive, sont la propri\u00e9t\u00e9 exclusive de La Banque.<\/p>\n<p>Toute reproduction et\/ou repr\u00e9sentation, totale ou partielle d&#8217;un de ces droits, sans l&#8217;autorisation expresse de La Banque, est interdite et constituerait une contre fa\u00e7on susceptible d&#8217;engager la responsabilit\u00e9 civile et p\u00e9nale du contrefacteur.<\/p>\n<p>En cons\u00e9quence, le Client s&#8217;interdit tout agissement et tout acte susceptible de porter atteinte directement ou non aux droits de propri\u00e9t\u00e9 intellectuelle de La Banque.<\/p>\n<p><strong>Article 13. S\u00e9curit\u00e9<\/strong><\/p>\n<p>Tout acc\u00e8s frauduleux \u00e0 l&#8217;application est interdit et sanctionn\u00e9 p\u00e9nalement.<\/p>\n<p>La Banque fournit ses meilleurs efforts, conform\u00e9ment aux r\u00e8gles de l&#8217;art, pour s\u00e9curiser l&#8217;Espace personnel mais, eu \u00e9gard \u00e0 la complexit\u00e9 de l&#8217;internet, elle ne saurait assurer une s\u00e9curit\u00e9 absolue.<\/p>\n<p>Le Client d\u00e9clare accepter les caract\u00e9ristiques et limites de l&#8217;internet et, notamment, il reconna\u00eet avoir connaissance de la nature du r\u00e9seau de l&#8217;internet, et en particulier, de ses performances techniques et des temps de r\u00e9ponse pour consulter, interroger ou transf\u00e9rer les donn\u00e9es.<\/p>\n<p>Le Client accepte de prendre toutes les mesures appropri\u00e9es de fa\u00e7on \u00e0 prot\u00e9ger son t\u00e9l\u00e9phone de la contamination par des \u00e9ventuels virus.<\/p>\n<p><strong>Article 14. R\u00e9siliation<\/strong><\/p>\n<p>En cas de manquement aux obligations des pr\u00e9sentes, cl\u00f4ture du compte du Client, utilisation frauduleuse et fonctionnement irr\u00e9gulier du service dus aux man\u0153uvres du Client, sans que cette liste ne soit exhaustive, la Banque peut r\u00e9silier de plein droit et sans pr\u00e9avis le Service.<\/p>\n<p>Par ailleurs, le Client pourra mettre fin, \u00e0 tout moment, aux pr\u00e9sentes. La Banque aura le droit d&#8217;exercer un droit de r\u00e9tention sur le solde cr\u00e9diteur du compte cl\u00f4tur\u00e9 de l&#8217;ensemble des montants dus par le Client au titre de l&#8217;utilisation du Service ou d&#8217;autres produits ou services de la Banque.<\/p>\n<p>Enfin, la Banque se r\u00e9serve le droit de r\u00e9silier, sans pr\u00e9avis, tout compte dont le solde est nul et sur lequel aucune transaction n&#8217;a \u00e9t\u00e9 effectu\u00e9e depuis plus de 6mois.<\/p>\n<p>En cas de d\u00e9sabonnement au Servie, la Banque se r\u00e9serve le droit de proc\u00e9der \u00e0 la cl\u00f4ture du compte bancaire associ\u00e9. La cl\u00f4ture du compte doit \u00eatre effectu\u00e9e dans l&#8217;une des agences de la Banque, apr\u00e8s pr\u00e9l\u00e8vement des frais tels que d\u00e9crits pr\u00e9c\u00e9demment.<\/p>\n<p>D\u00e9c\u00e8s du Client<\/p>\n<p>D\u00e8s que la Banque est avis\u00e9e par un document officiel du d\u00e9c\u00e8s du Client, le compte est bloqu\u00e9 et aucune op\u00e9ration initi\u00e9e post\u00e9rieurement au d\u00e9c\u00e8s ne peut intervenir sur le compte jusqu&#8217;\u00e0 justification des ayants droit du d\u00e9funt ou instructions du Juge charg\u00e9 de la succession.<\/p>\n<p><strong>Article 15. Nullit\u00e9<\/strong><\/p>\n<p>Si une ou plusieurs stipulations du pr\u00e9sent contrat sont tenues pour non valides ou d\u00e9clar\u00e9es comme telles en application d&#8217;une loi, d&#8217;un r\u00e8glement ou \u00e0 la suite d&#8217;une d\u00e9cision pass\u00e9e en force de chose jug\u00e9e d&#8217;une juridiction comp\u00e9tente, les autres stipulations garderont toute leur force et leur port\u00e9e.<\/p>\n<p><strong>Article 16. Int\u00e9gralit\u00e9<\/strong><\/p>\n<p>Les termes contractuels expriment l&#8217;int\u00e9gralit\u00e9 des obligations des parties.<\/p>\n<p><strong>Article 17. Convention de Preuve<\/strong><\/p>\n<p>L&#8217;acceptation des conditions G\u00e9n\u00e9rales par voie \u00e9lectronique a, entre les parties, la m\u00eame valeur probante que l&#8217;accord sur support papier.<\/p>\n<p>Les registres informatis\u00e9s et conserv\u00e9s dans les syst\u00e8mes informatiques le sont dans des conditions raisonnables de s\u00e9curit\u00e9 et consid\u00e9r\u00e9s comme les preuves des communications intervenues entre les parties.<\/p>\n<p><strong>Article 18. Loi Applicable et juridiction Comp\u00e9tente<\/strong><\/p>\n<p>Le pr\u00e9sent contrat est r\u00e9gi par la loi mauritanienne.<\/p>\n<p>Tout litige portant sur l&#8217;interpr\u00e9tation ou l&#8217;ex\u00e9cution des pr\u00e9sentes sera soumis \u00e0 la comp\u00e9tence exclusive des tribunaux de Nouakchott.<\/p>\n","protected":false},"excerpt":{"rendered":"<p>Article 1. Pr\u00e9ambule Banque Mauritanienne de l\u2019Investissement (BMI), est une soci\u00e9t\u00e9 anonyme au capital de 1 500 000 000 MRU &#8211; Si\u00e8ge social, SOCOGIMTEVRAGH-ZEINA ZR24 &#8211; Nouakchott Mauritanie. Elle met \u00e0 disposition de ses clients le produit mobile banking appel\u00e9 \u00ab Sedad Bank\u00bb qui fait l&#8217;objet des pr\u00e9sentes Conditions G\u00e9n\u00e9rales, Article 2. D\u00e9finitions \u00ab La&#8230;<\/p>\n","protected":false},"author":11,"featured_media":0,"parent":0,"menu_order":0,"comment_status":"closed","ping_status":"open","template":"","meta":{"footnotes":""},"class_list":["post-14754","page","type-page","status-publish","hentry"],"aioseo_notices":[],"_links":{"self":[{"href":"https:\/\/bmi.mr\/fr\/wp-json\/wp\/v2\/pages\/14754","targetHints":{"allow":["GET"]}}],"collection":[{"href":"https:\/\/bmi.mr\/fr\/wp-json\/wp\/v2\/pages"}],"about":[{"href":"https:\/\/bmi.mr\/fr\/wp-json\/wp\/v2\/types\/page"}],"author":[{"embeddable":true,"href":"https:\/\/bmi.mr\/fr\/wp-json\/wp\/v2\/users\/11"}],"replies":[{"embeddable":true,"href":"https:\/\/bmi.mr\/fr\/wp-json\/wp\/v2\/comments?post=14754"}],"version-history":[{"count":3,"href":"https:\/\/bmi.mr\/fr\/wp-json\/wp\/v2\/pages\/14754\/revisions"}],"predecessor-version":[{"id":19278,"href":"https:\/\/bmi.mr\/fr\/wp-json\/wp\/v2\/pages\/14754\/revisions\/19278"}],"wp:attachment":[{"href":"https:\/\/bmi.mr\/fr\/wp-json\/wp\/v2\/media?parent=14754"}],"curies":[{"name":"wp","href":"https:\/\/api.w.org\/{rel}","templated":true}]}}